{"id":494,"date":"2015-10-28T23:02:07","date_gmt":"2015-10-28T23:02:07","guid":{"rendered":"http:\/\/kvg.kvg-mettingen.de\/main\/gymnasium\/?page_id=5"},"modified":"2026-02-15T15:28:14","modified_gmt":"2026-02-15T14:28:14","slug":"homepage","status":"publish","type":"page","link":"https:\/\/kvg-mettingen.de\/gymnasium\/","title":{"rendered":"Homepage"},"content":{"rendered":"<p><div class=\"fusion-fullwidth fullwidth-box fusion-builder-row-1 nonhundred-percent-fullwidth non-hundred-percent-height-scrolling\" style=\"--awb-background-position:left top;--awb-border-sizes-top:0px;--awb-border-sizes-bottom:0px;--awb-border-sizes-left:0px;--awb-border-sizes-right:0px;--awb-border-radius-top-left:0px;--awb-border-radius-top-right:0px;--awb-border-radius-bottom-right:0px;--awb-border-radius-bottom-left:0px;--awb-padding-top:3%;--awb-padding-bottom:60px;--awb-flex-wrap:wrap;\" ><div class=\"fusion-builder-row fusion-row\"><div class=\"fusion-layout-column fusion_builder_column fusion-builder-column-0 fusion_builder_column_2_3 2_3 fusion-two-third fusion-column-first fusion-animated\" style=\"--awb-padding-right:20px;--awb-padding-left:20px;--awb-bg-blend:overlay;--awb-bg-size:cover;width:66.666666666667%;width:calc(66.666666666667% - ( ( 4% ) * 0.66666666666667 ) );margin-right: 4%;\" data-animationType=\"fadeInLeft\" data-animationDuration=\"1.0\" data-animationOffset=\"top-into-view\"><div class=\"fusion-column-wrapper fusion-flex-column-wrapper-legacy\"><div class=\"fusion-text fusion-text-1\"><h1>Herzlich Willkommen<\/h1>\n<\/div><div class=\"fusion-text fusion-text-2\"><h4>am Kardinal-von-Galen-Gymnasium<\/h4>\n<\/div><div class=\"fusion-sep-clear\"><\/div><div class=\"fusion-separator fusion-full-width-sep\" style=\"margin-left: auto;margin-right: auto;margin-top:20px;margin-bottom:20px;width:100%;\"><\/div><div class=\"fusion-sep-clear\"><\/div><div class=\"fusion-text fusion-text-3\"><p>Wir freuen uns \u00fcber das Interesse an unserer Schule und m\u00f6chten Sie einladen, das vielf\u00e4ltige Angebot unseres Schullebens kennenzulernen. Seien Sie neugierig und klicken Sie sich durch unsere virtuelle Schulwelt.<\/p>\n<p>F\u00fcr Fragen und Anregungen stehen wir Ihnen gerne in einem pers\u00f6nlichen Gespr\u00e4ch zur Verf\u00fcgung.<\/p>\n<p>A. Telljohann<\/p>\n<p>Schulleiterin<\/p>\n<\/div><div class=\"fusion-sep-clear\"><\/div><div class=\"fusion-separator fusion-full-width-sep\" style=\"margin-left: auto;margin-right: auto;margin-top:30px;margin-bottom:30px;width:100%;\"><\/div><div class=\"fusion-sep-clear\"><\/div><div class=\"fusion-video fusion-youtube\" style=\"--awb-max-width:600px;--awb-max-height:360px;\"><div class=\"video-shortcode\"><div class=\"fluid-width-video-wrapper\" style=\"padding-top:60%;\" ><div class=\"BorlabsCookie _brlbs-cb-youtube\"><div class=\"_brlbs-content-blocker\"> <div class=\"_brlbs-embed _brlbs-video-youtube\"> <img class=\"_brlbs-thumbnail\" src=\"https:\/\/kvg-mettingen.de\/gymnasium\/wp-content\/plugins\/borlabs-cookie\/assets\/images\/cb-no-thumbnail.png\" alt=\"YouTube\"> <div class=\"_brlbs-caption\"> <p>Mit dem Laden des Videos akzeptieren Sie die Datenschutzerkl\u00e4rung von YouTube.<br><a href=\"https:\/\/policies.google.com\/privacy\" target=\"_blank\" rel=\"nofollow noopener noreferrer\">Mehr erfahren<\/a><\/p> <p><a class=\"_brlbs-btn _brlbs-icon-play-white\" href=\"#\" data-borlabs-cookie-unblock role=\"button\">Video laden<\/a><\/p> <p><label><input type=\"checkbox\" name=\"unblockAll\" value=\"1\" checked> <small>YouTube immer entsperren<\/small><\/label><\/p> <\/div> <\/div> <\/div><div class=\"borlabs-hide\" data-borlabs-cookie-type=\"content-blocker\" data-borlabs-cookie-id=\"youtube\"><script type=\"text\/template\">PGlmcmFtZSB0aXRsZT0iWW91VHViZSB2aWRlbyBwbGF5ZXIgMSIgc3JjPSJodHRwczovL3d3dy55b3V0dWJlLW5vY29va2llLmNvbS9lbWJlZC9nZG4wQ1JhbHdmVT93bW9kZT10cmFuc3BhcmVudCZhdXRvcGxheT0wIiB3aWR0aD0iNjAwIiBoZWlnaHQ9IjM2MCIgYWxsb3dmdWxsc2NyZWVuIGFsbG93PSJhdXRvcGxheTsgZnVsbHNjcmVlbiI+PC9pZnJhbWU+<\/script><\/div><\/div><\/div><\/div><\/div><div class=\"fusion-clearfix\"><\/div><\/div><\/div><div class=\"fusion-layout-column fusion_builder_column fusion-builder-column-1 fusion_builder_column_1_3 1_3 fusion-one-third fusion-column-last fusion-animated\" style=\"--awb-padding-top:10px;--awb-padding-right:10px;--awb-padding-bottom:10px;--awb-padding-left:10px;--awb-bg-blend:overlay;--awb-bg-size:cover;--awb-margin-top:14px;width:33.333333333333%;width:calc(33.333333333333% - ( ( 4% ) * 0.33333333333333 ) );\" data-animationType=\"fadeInRight\" data-animationDuration=\"1.0\" data-animationOffset=\"top-into-view\"><div class=\"fusion-column-wrapper fusion-flex-column-wrapper-legacy\"><div class=\"fusion-image-element fusion-image-align-right in-legacy-container\" style=\"text-align:right;--awb-caption-title-font-family:var(--h2_typography-font-family);--awb-caption-title-font-weight:var(--h2_typography-font-weight);--awb-caption-title-font-style:var(--h2_typography-font-style);--awb-caption-title-size:var(--h2_typography-font-size);--awb-caption-title-transform:var(--h2_typography-text-transform);--awb-caption-title-line-height:var(--h2_typography-line-height);--awb-caption-title-letter-spacing:var(--h2_typography-letter-spacing);\"><span class=\" fusion-imageframe imageframe-none imageframe-1 hover-type-none\" style=\"margin-left:25px;float:right;\"><img decoding=\"async\" width=\"286\" height=\"300\" title=\"KvG_Logo_Gymnasium_erw\" src=\"https:\/\/kvg-mettingen.de\/kvg\/main\/gymnasium\/wp-content\/uploads\/sites\/2\/2019\/07\/KvG_Logo_Gymnasium_erw-286x300.png\" alt class=\"img-responsive wp-image-800\" srcset=\"https:\/\/kvg-mettingen.de\/gymnasium\/wp-content\/uploads\/sites\/2\/2019\/07\/KvG_Logo_Gymnasium_erw-200x210.png 200w, https:\/\/kvg-mettingen.de\/gymnasium\/wp-content\/uploads\/sites\/2\/2019\/07\/KvG_Logo_Gymnasium_erw.png 353w\" sizes=\"(max-width: 800px) 100vw, 286px\" \/><\/span><\/div><div class=\"fusion-clearfix\"><\/div><\/div><\/div><\/div><\/div><div class=\"fusion-fullwidth fullwidth-box fusion-builder-row-2 hundred-percent-fullwidth non-hundred-percent-height-scrolling\" style=\"--awb-border-radius-top-left:0px;--awb-border-radius-top-right:0px;--awb-border-radius-bottom-right:0px;--awb-border-radius-bottom-left:0px;--awb-padding-top:0px;--awb-padding-right:0px;--awb-padding-bottom:0px;--awb-padding-left:0px;--awb-margin-top:0px;--awb-margin-bottom:0px;--awb-flex-wrap:wrap;\" ><div class=\"fusion-builder-row fusion-row\"><div class=\"fusion-layout-column fusion_builder_column fusion-builder-column-2 fusion_builder_column_1_1 1_1 fusion-one-full fusion-column-first fusion-column-last fusion-animated\" style=\"--awb-padding-bottom:0px;--awb-bg-blend:overlay;--awb-bg-size:cover;--awb-margin-bottom:0px;\" data-animationType=\"fadeInUp\" data-animationDuration=\"1.0\" data-animationOffset=\"top-into-view\"><div class=\"fusion-column-wrapper fusion-flex-column-wrapper-legacy\"><div class=\"awb-gallery-wrapper awb-gallery-wrapper-1 button-span-no\" style=\"--more-btn-alignment:center;\"><div style=\"margin:0px;--awb-bordersize:0px;\" class=\"fusion-gallery fusion-gallery-container fusion-grid-6 fusion-columns-total-6 fusion-gallery-layout-grid fusion-gallery-1\"><div style=\"padding:0px;\" class=\"fusion-grid-column fusion-gallery-column fusion-gallery-column-6\"><div class=\"fusion-gallery-image fusion-gallery-image-liftup\"><a href=\"https:\/\/kvg-mettingen.de\/gymnasium\/wp-content\/uploads\/sites\/2\/2019\/07\/KVG_Gymnasium_021.jpg\" rel=\"noreferrer\" data-rel=\"iLightbox[gallery_image_1]\" class=\"fusion-lightbox\" target=\"_self\"><img decoding=\"async\" src=\"https:\/\/kvg-mettingen.de\/gymnasium\/wp-content\/uploads\/sites\/2\/2019\/07\/KVG_Gymnasium_021.jpg\" width=\"1175\" height=\"783\" alt=\"\" title=\"KVG_Gymnasium_021\" aria-label=\"KVG_Gymnasium_021\" class=\"img-responsive wp-image-805\" srcset=\"https:\/\/kvg-mettingen.de\/gymnasium\/wp-content\/uploads\/sites\/2\/2019\/07\/KVG_Gymnasium_021-200x133.jpg 200w, https:\/\/kvg-mettingen.de\/gymnasium\/wp-content\/uploads\/sites\/2\/2019\/07\/KVG_Gymnasium_021-400x267.jpg 400w, https:\/\/kvg-mettingen.de\/gymnasium\/wp-content\/uploads\/sites\/2\/2019\/07\/KVG_Gymnasium_021-600x400.jpg 600w, https:\/\/kvg-mettingen.de\/gymnasium\/wp-content\/uploads\/sites\/2\/2019\/07\/KVG_Gymnasium_021-800x533.jpg 800w, https:\/\/kvg-mettingen.de\/gymnasium\/wp-content\/uploads\/sites\/2\/2019\/07\/KVG_Gymnasium_021.jpg 1175w\" sizes=\"(min-width: 2200px) 100vw, (min-width: 1100px) 195px, (min-width: 1008px) 234px, (min-width: 916px) 293px, (min-width: 824px) 390px, (min-width: 732px) 585px, (min-width: 640px) 732px, \" \/><\/a><\/div><\/div><div style=\"padding:0px;\" class=\"fusion-grid-column fusion-gallery-column fusion-gallery-column-6\"><div class=\"fusion-gallery-image fusion-gallery-image-liftup\"><a href=\"https:\/\/kvg-mettingen.de\/gymnasium\/wp-content\/uploads\/sites\/2\/2019\/07\/KVG_Gymnasium_036.jpg\" rel=\"noreferrer\" data-rel=\"iLightbox[gallery_image_1]\" class=\"fusion-lightbox\" target=\"_self\"><img decoding=\"async\" src=\"https:\/\/kvg-mettingen.de\/gymnasium\/wp-content\/uploads\/sites\/2\/2019\/07\/KVG_Gymnasium_036.jpg\" width=\"1161\" height=\"774\" alt=\"\" title=\"KVG_Gymnasium_036\" aria-label=\"KVG_Gymnasium_036\" class=\"img-responsive wp-image-807\" srcset=\"https:\/\/kvg-mettingen.de\/gymnasium\/wp-content\/uploads\/sites\/2\/2019\/07\/KVG_Gymnasium_036-200x133.jpg 200w, https:\/\/kvg-mettingen.de\/gymnasium\/wp-content\/uploads\/sites\/2\/2019\/07\/KVG_Gymnasium_036-400x267.jpg 400w, https:\/\/kvg-mettingen.de\/gymnasium\/wp-content\/uploads\/sites\/2\/2019\/07\/KVG_Gymnasium_036-600x400.jpg 600w, https:\/\/kvg-mettingen.de\/gymnasium\/wp-content\/uploads\/sites\/2\/2019\/07\/KVG_Gymnasium_036-800x533.jpg 800w, https:\/\/kvg-mettingen.de\/gymnasium\/wp-content\/uploads\/sites\/2\/2019\/07\/KVG_Gymnasium_036.jpg 1161w\" sizes=\"(min-width: 2200px) 100vw, (min-width: 1100px) 195px, (min-width: 1008px) 234px, (min-width: 916px) 293px, (min-width: 824px) 390px, (min-width: 732px) 585px, (min-width: 640px) 732px, \" \/><\/a><\/div><\/div><div style=\"padding:0px;\" class=\"fusion-grid-column fusion-gallery-column fusion-gallery-column-6\"><div class=\"fusion-gallery-image fusion-gallery-image-liftup\"><a href=\"https:\/\/kvg-mettingen.de\/gymnasium\/wp-content\/uploads\/sites\/2\/2019\/07\/KVG_Gymnasium_040.jpg\" rel=\"noreferrer\" data-rel=\"iLightbox[gallery_image_1]\" class=\"fusion-lightbox\" target=\"_self\"><img decoding=\"async\" src=\"https:\/\/kvg-mettingen.de\/gymnasium\/wp-content\/uploads\/sites\/2\/2019\/07\/KVG_Gymnasium_040.jpg\" width=\"1175\" height=\"783\" alt=\"\" title=\"KVG_Gymnasium_040\" aria-label=\"KVG_Gymnasium_040\" class=\"img-responsive wp-image-808\" srcset=\"https:\/\/kvg-mettingen.de\/gymnasium\/wp-content\/uploads\/sites\/2\/2019\/07\/KVG_Gymnasium_040-200x133.jpg 200w, https:\/\/kvg-mettingen.de\/gymnasium\/wp-content\/uploads\/sites\/2\/2019\/07\/KVG_Gymnasium_040-400x267.jpg 400w, https:\/\/kvg-mettingen.de\/gymnasium\/wp-content\/uploads\/sites\/2\/2019\/07\/KVG_Gymnasium_040-600x400.jpg 600w, https:\/\/kvg-mettingen.de\/gymnasium\/wp-content\/uploads\/sites\/2\/2019\/07\/KVG_Gymnasium_040-800x533.jpg 800w, https:\/\/kvg-mettingen.de\/gymnasium\/wp-content\/uploads\/sites\/2\/2019\/07\/KVG_Gymnasium_040.jpg 1175w\" sizes=\"(min-width: 2200px) 100vw, (min-width: 1100px) 195px, (min-width: 1008px) 234px, (min-width: 916px) 293px, (min-width: 824px) 390px, (min-width: 732px) 585px, (min-width: 640px) 732px, \" \/><\/a><\/div><\/div><div style=\"padding:0px;\" class=\"fusion-grid-column fusion-gallery-column fusion-gallery-column-6\"><div class=\"fusion-gallery-image fusion-gallery-image-liftup\"><a href=\"https:\/\/kvg-mettingen.de\/gymnasium\/wp-content\/uploads\/sites\/2\/2019\/07\/KVG_Gymnasium_025.jpg\" rel=\"noreferrer\" data-rel=\"iLightbox[gallery_image_1]\" class=\"fusion-lightbox\" target=\"_self\"><img decoding=\"async\" src=\"https:\/\/kvg-mettingen.de\/gymnasium\/wp-content\/uploads\/sites\/2\/2019\/07\/KVG_Gymnasium_025.jpg\" width=\"1161\" height=\"774\" alt=\"\" title=\"KVG_Gymnasium_025\" aria-label=\"KVG_Gymnasium_025\" class=\"img-responsive wp-image-806\" srcset=\"https:\/\/kvg-mettingen.de\/gymnasium\/wp-content\/uploads\/sites\/2\/2019\/07\/KVG_Gymnasium_025-200x133.jpg 200w, https:\/\/kvg-mettingen.de\/gymnasium\/wp-content\/uploads\/sites\/2\/2019\/07\/KVG_Gymnasium_025-400x267.jpg 400w, https:\/\/kvg-mettingen.de\/gymnasium\/wp-content\/uploads\/sites\/2\/2019\/07\/KVG_Gymnasium_025-600x400.jpg 600w, https:\/\/kvg-mettingen.de\/gymnasium\/wp-content\/uploads\/sites\/2\/2019\/07\/KVG_Gymnasium_025-800x533.jpg 800w, https:\/\/kvg-mettingen.de\/gymnasium\/wp-content\/uploads\/sites\/2\/2019\/07\/KVG_Gymnasium_025.jpg 1161w\" sizes=\"(min-width: 2200px) 100vw, (min-width: 1100px) 195px, (min-width: 1008px) 234px, (min-width: 916px) 293px, (min-width: 824px) 390px, (min-width: 732px) 585px, (min-width: 640px) 732px, \" \/><\/a><\/div><\/div><div style=\"padding:0px;\" class=\"fusion-grid-column fusion-gallery-column fusion-gallery-column-6\"><div class=\"fusion-gallery-image fusion-gallery-image-liftup\"><a href=\"https:\/\/kvg-mettingen.de\/gymnasium\/wp-content\/uploads\/sites\/2\/2019\/07\/KVG_Gymnasium_071.jpg\" rel=\"noreferrer\" data-rel=\"iLightbox[gallery_image_1]\" class=\"fusion-lightbox\" target=\"_self\"><img decoding=\"async\" src=\"https:\/\/kvg-mettingen.de\/gymnasium\/wp-content\/uploads\/sites\/2\/2019\/07\/KVG_Gymnasium_071.jpg\" width=\"1175\" height=\"783\" alt=\"\" title=\"KVG_Gymnasium_071\" aria-label=\"KVG_Gymnasium_071\" class=\"img-responsive wp-image-809\" srcset=\"https:\/\/kvg-mettingen.de\/gymnasium\/wp-content\/uploads\/sites\/2\/2019\/07\/KVG_Gymnasium_071-200x133.jpg 200w, https:\/\/kvg-mettingen.de\/gymnasium\/wp-content\/uploads\/sites\/2\/2019\/07\/KVG_Gymnasium_071-400x267.jpg 400w, https:\/\/kvg-mettingen.de\/gymnasium\/wp-content\/uploads\/sites\/2\/2019\/07\/KVG_Gymnasium_071-600x400.jpg 600w, https:\/\/kvg-mettingen.de\/gymnasium\/wp-content\/uploads\/sites\/2\/2019\/07\/KVG_Gymnasium_071-800x533.jpg 800w, https:\/\/kvg-mettingen.de\/gymnasium\/wp-content\/uploads\/sites\/2\/2019\/07\/KVG_Gymnasium_071.jpg 1175w\" sizes=\"(min-width: 2200px) 100vw, (min-width: 1100px) 195px, (min-width: 1008px) 234px, (min-width: 916px) 293px, (min-width: 824px) 390px, (min-width: 732px) 585px, (min-width: 640px) 732px, \" \/><\/a><\/div><\/div><div style=\"padding:0px;\" class=\"fusion-grid-column fusion-gallery-column fusion-gallery-column-6\"><div class=\"fusion-gallery-image fusion-gallery-image-liftup\"><a href=\"https:\/\/kvg-mettingen.de\/gymnasium\/wp-content\/uploads\/sites\/2\/2019\/07\/KVG_Gymnasium_113.jpg\" rel=\"noreferrer\" data-rel=\"iLightbox[gallery_image_1]\" class=\"fusion-lightbox\" target=\"_self\"><img decoding=\"async\" src=\"https:\/\/kvg-mettingen.de\/gymnasium\/wp-content\/uploads\/sites\/2\/2019\/07\/KVG_Gymnasium_113.jpg\" width=\"1161\" height=\"774\" alt=\"\" title=\"KVG_Gymnasium_113\" aria-label=\"KVG_Gymnasium_113\" class=\"img-responsive wp-image-810\" srcset=\"https:\/\/kvg-mettingen.de\/gymnasium\/wp-content\/uploads\/sites\/2\/2019\/07\/KVG_Gymnasium_113-200x133.jpg 200w, https:\/\/kvg-mettingen.de\/gymnasium\/wp-content\/uploads\/sites\/2\/2019\/07\/KVG_Gymnasium_113-400x267.jpg 400w, https:\/\/kvg-mettingen.de\/gymnasium\/wp-content\/uploads\/sites\/2\/2019\/07\/KVG_Gymnasium_113-600x400.jpg 600w, https:\/\/kvg-mettingen.de\/gymnasium\/wp-content\/uploads\/sites\/2\/2019\/07\/KVG_Gymnasium_113-800x533.jpg 800w, https:\/\/kvg-mettingen.de\/gymnasium\/wp-content\/uploads\/sites\/2\/2019\/07\/KVG_Gymnasium_113.jpg 1161w\" sizes=\"(min-width: 2200px) 100vw, (min-width: 1100px) 195px, (min-width: 1008px) 234px, (min-width: 916px) 293px, (min-width: 824px) 390px, (min-width: 732px) 585px, (min-width: 640px) 732px, \" \/><\/a><\/div><\/div><div class=\"clearfix\"><\/div><\/div><\/div><div class=\"fusion-clearfix\"><\/div><\/div><\/div><\/div><\/div><\/p>\n","protected":false},"excerpt":{"rendered":"","protected":false},"author":1,"featured_media":0,"parent":0,"menu_order":0,"comment_status":"closed","ping_status":"closed","template":"100-width.php","meta":{"footnotes":""},"class_list":["post-494","page","type-page","status-publish","hentry"],"_links":{"self":[{"href":"https:\/\/kvg-mettingen.de\/gymnasium\/wp-json\/wp\/v2\/pages\/494","targetHints":{"allow":["GET"]}}],"collection":[{"href":"https:\/\/kvg-mettingen.de\/gymnasium\/wp-json\/wp\/v2\/pages"}],"about":[{"href":"https:\/\/kvg-mettingen.de\/gymnasium\/wp-json\/wp\/v2\/types\/page"}],"author":[{"embeddable":true,"href":"https:\/\/kvg-mettingen.de\/gymnasium\/wp-json\/wp\/v2\/users\/1"}],"replies":[{"embeddable":true,"href":"https:\/\/kvg-mettingen.de\/gymnasium\/wp-json\/wp\/v2\/comments?post=494"}],"version-history":[{"count":192,"href":"https:\/\/kvg-mettingen.de\/gymnasium\/wp-json\/wp\/v2\/pages\/494\/revisions"}],"predecessor-version":[{"id":3329,"href":"https:\/\/kvg-mettingen.de\/gymnasium\/wp-json\/wp\/v2\/pages\/494\/revisions\/3329"}],"wp:attachment":[{"href":"https:\/\/kvg-mettingen.de\/gymnasium\/wp-json\/wp\/v2\/media?parent=494"}],"curies":[{"name":"wp","href":"https:\/\/api.w.org\/{rel}","templated":true}]}}