{"id":691,"date":"2019-06-21T16:02:10","date_gmt":"2019-06-21T14:02:10","guid":{"rendered":"http:\/\/kvg.kvg-mettingen.de\/main\/gymnasium\/?page_id=691"},"modified":"2026-03-23T21:57:39","modified_gmt":"2026-03-23T20:57:39","slug":"unterrichtsorganisation","status":"publish","type":"page","link":"https:\/\/kvg-mettingen.de\/gymnasium\/unterricht\/unterrichtsorganisation\/","title":{"rendered":"Unterrichtsorganisation"},"content":{"rendered":"<p><div class=\"fusion-fullwidth fullwidth-box fusion-builder-row-1 fusion-parallax-fixed nonhundred-percent-fullwidth non-hundred-percent-height-scrolling\" style=\"--awb-border-radius-top-left:0px;--awb-border-radius-top-right:0px;--awb-border-radius-bottom-right:0px;--awb-border-radius-bottom-left:0px;--awb-background-image:url(&quot;https:\/\/kvg-mettingen.de\/kvg\/main\/gymnasium\/wp-content\/uploads\/sites\/2\/2019\/12\/Image_3_web_kuerzer.jpg&quot;);--awb-background-size:cover;--awb-flex-wrap:wrap;background-attachment:fixed;\" ><div class=\"fusion-builder-row fusion-row\"><div class=\"fusion-layout-column fusion_builder_column fusion-builder-column-0 fusion_builder_column_1_1 1_1 fusion-one-full fusion-column-first fusion-column-last\" style=\"--awb-bg-size:cover;\"><div class=\"fusion-column-wrapper fusion-flex-column-wrapper-legacy\"><div class=\"fusion-sep-clear\"><\/div><div class=\"fusion-separator fusion-full-width-sep\" style=\"margin-left: auto;margin-right: auto;margin-top:150px;margin-bottom:150px;width:100%;\"><\/div><div class=\"fusion-sep-clear\"><\/div><div class=\"fusion-clearfix\"><\/div><\/div><\/div><\/div><\/div><div class=\"fusion-fullwidth fullwidth-box fusion-builder-row-2 nonhundred-percent-fullwidth non-hundred-percent-height-scrolling\" style=\"--awb-border-radius-top-left:0px;--awb-border-radius-top-right:0px;--awb-border-radius-bottom-right:0px;--awb-border-radius-bottom-left:0px;--awb-flex-wrap:wrap;\" ><div class=\"fusion-builder-row fusion-row\"><div class=\"fusion-layout-column fusion_builder_column fusion-builder-column-1 fusion_builder_column_1_1 1_1 fusion-one-full fusion-column-first fusion-column-last fusion-animated\" style=\"--awb-bg-size:cover;--awb-margin-top:70px;\" data-animationType=\"fadeInLeft\" data-animationDuration=\"1.0\" data-animationOffset=\"top-into-view\"><div class=\"fusion-column-wrapper fusion-flex-column-wrapper-legacy\"><div class=\"fusion-text fusion-text-1\"><h1>Unterrichtsorganisation<\/h1>\n<\/div><div class=\"fusion-text fusion-text-2\"><h4>Erl\u00e4uterungen zum Stundenplan<\/h4>\n<\/div><div class=\"fusion-clearfix\"><\/div><\/div><\/div><div class=\"fusion-layout-column fusion_builder_column fusion-builder-column-2 fusion_builder_column_3_5 3_5 fusion-three-fifth fusion-column-first fusion-animated\" style=\"--awb-bg-size:cover;width:60%;width:calc(60% - ( ( 7% ) * 0.6 ) );margin-right: 7%;\" data-animationType=\"fadeInLeft\" data-animationDuration=\"1.0\" data-animationOffset=\"top-into-view\"><div class=\"fusion-column-wrapper fusion-flex-column-wrapper-legacy\"><div class=\"fusion-text fusion-text-3\"><p>Unser Schulalltag ist seit dem Schuljahr 2010\/11 rhythmisiert durch Doppelstunden.<\/p>\n<p>Der Unterricht in einem Fach findet deshalb nicht mehr in Einzelstunden, sondern in Doppelstunden \u00e0 90 Minuten statt. Der Schulalltag wird dadurch ruhiger gestaltet, da nicht so viele F\u00e4cherwechsel vorkommen. Au\u00dferdem kann in Doppelstunden intensiver und methodenreicher an einem Thema gearbeitet werden und es ist m\u00f6glich, l\u00e4ngere \u00dcbungsphasen einzuplanen.<\/p>\n<p>So werden die Sch\u00fcler in ihrem Tagesablauf deutlich entlastet durch weniger F\u00e4cher pro Schultag, leichtere Rucks\u00e4cke und weniger Raumwechsel. Dar\u00fcber hinaus k\u00f6nnen in den Klassenzimmern Spinde f\u00fcr die Sch\u00fclerinnen und Sch\u00fcler angemietet werden.<\/p>\n<p>Schlie\u00dflich f\u00fchrt das Doppelstundemodell auch dazu, dass es zwei l\u00e4ngere Pausen von je 25 Minuten gibt.<\/p>\n<p>Das Doppelstundenmodell hat die Folge, dass es zwei verschiedene Wochenpl\u00e4ne gibt: A-\/B-Woche.<\/p>\n<p>Viele F\u00e4cher, vor allem in der Oberstufe, werden laut Stundentafel in drei oder f\u00fcnf Wochenstunden unterrichtet. Bei dem Doppelstundenmodell wird ein dreist\u00fcndiges Fach z.B. in der A-Woche mit zwei Doppelstunden unterrichtet, in der B-Woche mit einer Doppelstunde. In zwei Wochen wird das Fach also mit sechs Stunden unterrichtet.<\/p>\n<\/div><div class=\"fusion-clearfix\"><\/div><\/div><\/div><div class=\"fusion-layout-column fusion_builder_column fusion-builder-column-3 fusion_builder_column_2_5 2_5 fusion-two-fifth fusion-column-last fusion-animated\" style=\"--awb-bg-size:cover;width:40%;width:calc(40% - ( ( 7% ) * 0.4 ) );\" data-animationType=\"fadeInRight\" data-animationDuration=\"1.0\" data-animationOffset=\"top-into-view\"><div class=\"fusion-column-wrapper fusion-flex-column-wrapper-legacy\">\n<div class=\"table-1\">\n<table width=\"100%\">\n<thead>\n<tr>\n<th align=\"left\">Stundenraster<\/th>\n<th align=\"left\"><\/th>\n<\/tr>\n<\/thead>\n<tbody>\n<tr>\n<td align=\"left\">1.\/2. Stunde<\/td>\n<td align=\"left\">8.00 \u2013 9.30 Uhr<\/td>\n<\/tr>\n<tr>\n<td align=\"left\">1. Pause<\/td>\n<td align=\"left\">9.30 \u2013 9.55 Uhr<\/td>\n<\/tr>\n<tr>\n<td align=\"left\">3.\/4. Stunde<\/td>\n<td align=\"left\">9.55 \u2013 11.25 Uhr<\/td>\n<\/tr>\n<tr>\n<td align=\"left\">2. Pause<\/td>\n<td align=\"left\">11.25 \u2013 11.50 Uhr<\/td>\n<\/tr>\n<tr>\n<td align=\"left\">5.\/6. Stunde<\/td>\n<td align=\"left\">11.50 \u2013 13.20 Uhr<\/td>\n<\/tr>\n<tr>\n<td align=\"left\">Mittagspause (7. Stunde)<\/td>\n<td align=\"left\">13.20 \u2013 14.20 Uhr<\/td>\n<\/tr>\n<tr>\n<td align=\"left\">8.\/9. Stunde<\/td>\n<td align=\"left\">14.20 \u2013 15.50 Uhr<\/td>\n<\/tr>\n<\/tbody>\n<\/table>\n<\/div>\n<div class=\"fusion-clearfix\"><\/div><\/div><\/div><\/div><\/div><div class=\"fusion-fullwidth fullwidth-box fusion-builder-row-3 nonhundred-percent-fullwidth non-hundred-percent-height-scrolling\" style=\"--awb-background-blend-mode:overlay;--awb-border-radius-top-left:0px;--awb-border-radius-top-right:0px;--awb-border-radius-bottom-right:0px;--awb-border-radius-bottom-left:0px;--awb-padding-top:60px;--awb-padding-bottom:60px;--awb-margin-top:60px;--awb-margin-bottom:40px;--awb-background-color:rgba(0,81,145,0.1);--awb-flex-wrap:wrap;\" ><div class=\"fusion-builder-row fusion-row\"><div class=\"fusion-layout-column fusion_builder_column fusion-builder-column-4 fusion_builder_column_1_3 1_3 fusion-one-third fusion-column-first fusion-animated\" style=\"--awb-bg-size:cover;width:33.333333333333%;width:calc(33.333333333333% - ( ( 7% ) * 0.33333333333333 ) );margin-right: 7%;\" data-animationType=\"fadeInLeft\" data-animationDuration=\"1.0\" data-animationOffset=\"top-into-view\"><div class=\"fusion-column-wrapper fusion-flex-column-wrapper-legacy\"><div class=\"fusion-text fusion-text-4\"><h4>Vertretungskonzept<\/h4>\n<p>Am KvG-Gymnasium gibt es ein verl\u00e4ssliches Vertretungskonzept von der 1. bis zur 6. Stunde, das dazu beitr\u00e4gt, dass ausfallender Unterricht z.B. bei Erkrankung der Lehrkraft sinnvoll ersetzt wird.<\/p>\n<p>Die Sch\u00fclerinnen und Sch\u00fcler werden in diesen Stunden von einer Lehrkraft beaufsichtigt. Sie bearbeiten in den Vertretungsstunden entweder Aufgaben, die der abwesende Lehrer erstellt hat, oder sie besch\u00e4ftigen sich mit Aufgaben, die von den Fachlehrern f\u00fcr ihr Fach als Vertretungsmaterial (z.B. \u00dcbungsaufgaben) zusammengestellt worden sind. Im Fach Deutsch z.B. gibt es f\u00fcr jede Jahrgangsstufe Lesetageb\u00fccher zu Jugendb\u00fcchern, die die Sch\u00fcler in den Stunden, in denen der Fachlehrer abwesend ist, sukzessive bearbeiten.<\/p>\n<p>F\u00fcr die Oberstufe gilt ein eigenes Vertretungskonzept, das st\u00e4rker auf das selbstst\u00e4ndige Erarbeiten des Unterrichtsstoffes setzt.<\/p>\n<\/div><div class=\"fusion-clearfix\"><\/div><\/div><\/div><div class=\"fusion-layout-column fusion_builder_column fusion-builder-column-5 fusion_builder_column_2_3 2_3 fusion-two-third fusion-column-last fusion-animated\" style=\"--awb-bg-size:cover;width:66.666666666667%;width:calc(66.666666666667% - ( ( 7% ) * 0.66666666666667 ) );\" data-animationType=\"fadeInRight\" data-animationDuration=\"1.0\" data-animationOffset=\"top-into-view\"><div class=\"fusion-column-wrapper fusion-flex-column-wrapper-legacy\"><div class=\"fusion-text fusion-text-5\"><h4>Erg\u00e4nzungsstunden<\/h4>\n<p>Erg\u00e4nzungsstunden werden bei uns an der Schule zur Teambildung, zur F\u00f6rderung des sozialen Miteinanders und zur Bildung eigener Handlungskompetenzen eingesetzt. In Klasse 5 setzt das Fach &#8222;Sole&#8220; (Soziales Lernen) das Miteinander in der Klasse, den Umgang miteinander und die so genannte Lebenskompetenz auf den Lehrplan. In Klasse 8 st\u00e4rkt das Fach V\u00dc (Verantwortung \u00fcbernehmen) die Handlungsompetenzen der Sch\u00fclerinnen und Sch\u00fcler sowie deren Kreativit\u00e4t. Die Sch\u00fclerinnen und Sch\u00fcler planen und organisieren ein eigenes Projekt mit Bezug auf die Ziele f\u00fcr nachhaltige Entwicklung der Vereinten Nationen (auch Global Goals). Die Lehrerinnen und Lehrer werden zu Beratern.<\/p>\n<\/div><div class=\"fusion-sep-clear\"><\/div><div class=\"fusion-separator fusion-full-width-sep\" style=\"margin-left: auto;margin-right: auto;margin-top:20px;margin-bottom:20px;width:100%;\"><\/div><div class=\"fusion-sep-clear\"><\/div><div class=\"fusion-text fusion-text-6\"><h5><span style=\"color: #005191\">Verpflichtende Erg\u00e4nzungsstunden<\/span><\/h5>\n<\/div>\n<div class=\"table-1\">\n<table width=\"100%\">\n<thead>\n<tr>\n<th align=\"left\">Jgst. 5<\/th>\n<th align=\"left\">Jgst. 6<\/th>\n<th align=\"left\">Jgst. 7<\/th>\n<th align=\"left\">Jgst. 8<\/th>\n<th align=\"left\">Jgst. 9\/10<\/th>\n<\/tr>\n<\/thead>\n<tbody>\n<tr>\n<td align=\"left\">2 Stunden Soziales Lernen<\/td>\n<td align=\"left\"><\/td>\n<td align=\"left\"><\/td>\n<td align=\"left\">2 Stunden &#8222;Verantwortung \u00fcbernehmen&#8220;<\/td>\n<td align=\"left\">1 Stunde 3. Fremdsprache<\/td>\n<\/tr>\n<\/tbody>\n<\/table>\n<\/div>\n<div class=\"fusion-sep-clear\"><\/div><div class=\"fusion-separator fusion-full-width-sep\" style=\"margin-left: auto;margin-right: auto;margin-top:20px;margin-bottom:20px;width:100%;\"><\/div><div class=\"fusion-sep-clear\"><\/div><div class=\"fusion-text fusion-text-7\"><\/div><ul style=\"--awb-size:18px;--awb-iconcolor:#005191;--awb-line-height:30.6px;--awb-icon-width:30.6px;--awb-icon-height:30.6px;--awb-icon-margin:12.6px;--awb-content-margin:43.2px;\" class=\"fusion-checklist fusion-checklist-1 fusion-checklist-default type-icons\"><\/ul><div class=\"fusion-clearfix\"><\/div><\/div><\/div><\/div><\/div><div class=\"fusion-fullwidth fullwidth-box fusion-builder-row-4 nonhundred-percent-fullwidth non-hundred-percent-height-scrolling\" style=\"--awb-border-radius-top-left:0px;--awb-border-radius-top-right:0px;--awb-border-radius-bottom-right:0px;--awb-border-radius-bottom-left:0px;--awb-margin-top:70px;--awb-flex-wrap:wrap;\" ><div class=\"fusion-builder-row fusion-row\"><div class=\"fusion-layout-column fusion_builder_column fusion-builder-column-6 fusion_builder_column_1_2 1_2 fusion-one-half fusion-column-first fusion-animated\" style=\"--awb-bg-size:cover;width:50%;width:calc(50% - ( ( 4% + 4% ) * 0.5 ) );margin-right: 4%;\" data-animationType=\"fadeInLeft\" data-animationDuration=\"1.0\" data-animationOffset=\"top-into-view\"><div class=\"fusion-column-wrapper fusion-flex-column-wrapper-legacy\"><div class=\"fusion-text fusion-text-8\"><h4>Koordination<br \/>\nStunden- und Vertretungsplan<\/h4>\n<\/div><div class=\"fusion-clearfix\"><\/div><\/div><\/div><div class=\"fusion-layout-column fusion_builder_column fusion-builder-column-7 fusion_builder_column_1_4 1_4 fusion-one-fourth fusion-animated\" style=\"--awb-bg-size:cover;width:25%;width:calc(25% - ( ( 4% + 4% ) * 0.25 ) );margin-right: 4%;\" data-animationType=\"fadeInRight\" data-animationDuration=\"1.0\" data-animationOffset=\"top-into-view\"><div class=\"fusion-column-wrapper fusion-flex-column-wrapper-legacy\"><div class=\"fusion-image-element in-legacy-container\" style=\"--awb-caption-title-font-family:var(--h2_typography-font-family);--awb-caption-title-font-weight:var(--h2_typography-font-weight);--awb-caption-title-font-style:var(--h2_typography-font-style);--awb-caption-title-size:var(--h2_typography-font-size);--awb-caption-title-transform:var(--h2_typography-text-transform);--awb-caption-title-line-height:var(--h2_typography-line-height);--awb-caption-title-letter-spacing:var(--h2_typography-letter-spacing);\"><span class=\" fusion-imageframe imageframe-none imageframe-1 hover-type-none\"><img decoding=\"async\" width=\"300\" height=\"216\" title=\"MU_web_quer\" src=\"https:\/\/kvg-mettingen.de\/gymnasium\/wp-content\/uploads\/sites\/2\/2023\/09\/MU_web_quer-300x216.jpg\" alt class=\"img-responsive wp-image-2682\" srcset=\"https:\/\/kvg-mettingen.de\/gymnasium\/wp-content\/uploads\/sites\/2\/2023\/09\/MU_web_quer-200x144.jpg 200w, https:\/\/kvg-mettingen.de\/gymnasium\/wp-content\/uploads\/sites\/2\/2023\/09\/MU_web_quer-400x288.jpg 400w, https:\/\/kvg-mettingen.de\/gymnasium\/wp-content\/uploads\/sites\/2\/2023\/09\/MU_web_quer.jpg 545w\" sizes=\"(max-width: 800px) 100vw, 400px\" \/><\/span><\/div><div class=\"fusion-sep-clear\"><\/div><div class=\"fusion-separator fusion-full-width-sep\" style=\"margin-left: auto;margin-right: auto;margin-top:-30px;width:100%;\"><\/div><div class=\"fusion-sep-clear\"><\/div><div class=\"fusion-text fusion-text-9\"><h6>Sebastian Musli<br \/>\n<a href=\"mailto:Sebastian.musli@kvgschulen.de\">sebastian.musli(at)kvgschulen.de<\/a><\/h6>\n<\/div><div class=\"fusion-clearfix\"><\/div><\/div><\/div><div class=\"fusion-layout-column fusion_builder_column fusion-builder-column-8 fusion_builder_column_1_4 1_4 fusion-one-fourth fusion-column-last fusion-animated\" style=\"--awb-bg-size:cover;width:25%;width:calc(25% - ( ( 4% + 4% ) * 0.25 ) );\" data-animationType=\"fadeInRight\" data-animationDuration=\"1.0\" data-animationOffset=\"top-into-view\"><div class=\"fusion-column-wrapper fusion-flex-column-wrapper-legacy\"><div class=\"fusion-image-element in-legacy-container\" style=\"--awb-caption-title-font-family:var(--h2_typography-font-family);--awb-caption-title-font-weight:var(--h2_typography-font-weight);--awb-caption-title-font-style:var(--h2_typography-font-style);--awb-caption-title-size:var(--h2_typography-font-size);--awb-caption-title-transform:var(--h2_typography-text-transform);--awb-caption-title-line-height:var(--h2_typography-line-height);--awb-caption-title-letter-spacing:var(--h2_typography-letter-spacing);\"><span class=\" fusion-imageframe imageframe-none imageframe-2 hover-type-none\"><img decoding=\"async\" width=\"545\" height=\"393\" title=\"Andreas-Guempel\" src=\"https:\/\/kvg-mettingen.de\/kvg\/main\/gymnasium\/wp-content\/uploads\/sites\/2\/2019\/12\/Andreas-Guempel.jpg\" alt class=\"img-responsive wp-image-945\" srcset=\"https:\/\/kvg-mettingen.de\/gymnasium\/wp-content\/uploads\/sites\/2\/2019\/12\/Andreas-Guempel-200x144.jpg 200w, https:\/\/kvg-mettingen.de\/gymnasium\/wp-content\/uploads\/sites\/2\/2019\/12\/Andreas-Guempel-400x288.jpg 400w, https:\/\/kvg-mettingen.de\/gymnasium\/wp-content\/uploads\/sites\/2\/2019\/12\/Andreas-Guempel.jpg 545w\" sizes=\"(max-width: 800px) 100vw, 400px\" \/><\/span><\/div><div class=\"fusion-sep-clear\"><\/div><div class=\"fusion-separator fusion-full-width-sep\" style=\"margin-left: auto;margin-right: auto;margin-top:-30px;width:100%;\"><\/div><div class=\"fusion-sep-clear\"><\/div><div class=\"fusion-text fusion-text-10\"><h6>Andreas G\u00fcmpel<br \/><a href=\"mailto:andreas.guempel@kvgschulen.de\">andreas.guempel(at)kvgschulen.de<\/a><\/h6>\n<\/div><div class=\"fusion-clearfix\"><\/div><\/div><\/div><\/div><\/div><\/p>\n","protected":false},"excerpt":{"rendered":"","protected":false},"author":1,"featured_media":0,"parent":677,"menu_order":1,"comment_status":"closed","ping_status":"closed","template":"100-width.php","meta":{"footnotes":""},"class_list":["post-691","page","type-page","status-publish","hentry"],"_links":{"self":[{"href":"https:\/\/kvg-mettingen.de\/gymnasium\/wp-json\/wp\/v2\/pages\/691","targetHints":{"allow":["GET"]}}],"collection":[{"href":"https:\/\/kvg-mettingen.de\/gymnasium\/wp-json\/wp\/v2\/pages"}],"about":[{"href":"https:\/\/kvg-mettingen.de\/gymnasium\/wp-json\/wp\/v2\/types\/page"}],"author":[{"embeddable":true,"href":"https:\/\/kvg-mettingen.de\/gymnasium\/wp-json\/wp\/v2\/users\/1"}],"replies":[{"embeddable":true,"href":"https:\/\/kvg-mettingen.de\/gymnasium\/wp-json\/wp\/v2\/comments?post=691"}],"version-history":[{"count":42,"href":"https:\/\/kvg-mettingen.de\/gymnasium\/wp-json\/wp\/v2\/pages\/691\/revisions"}],"predecessor-version":[{"id":3337,"href":"https:\/\/kvg-mettingen.de\/gymnasium\/wp-json\/wp\/v2\/pages\/691\/revisions\/3337"}],"up":[{"embeddable":true,"href":"https:\/\/kvg-mettingen.de\/gymnasium\/wp-json\/wp\/v2\/pages\/677"}],"wp:attachment":[{"href":"https:\/\/kvg-mettingen.de\/gymnasium\/wp-json\/wp\/v2\/media?parent=691"}],"curies":[{"name":"wp","href":"https:\/\/api.w.org\/{rel}","templated":true}]}}