{"id":705,"date":"2019-06-21T16:04:19","date_gmt":"2019-06-21T14:04:19","guid":{"rendered":"http:\/\/kvg.kvg-mettingen.de\/main\/gymnasium\/?page_id=705"},"modified":"2026-03-23T22:07:02","modified_gmt":"2026-03-23T21:07:02","slug":"studien-und-berufsberatung","status":"publish","type":"page","link":"https:\/\/kvg-mettingen.de\/gymnasium\/schulleben\/studien-und-berufsberatung\/","title":{"rendered":"Studien- und Berufsberatung"},"content":{"rendered":"<p><div class=\"fusion-fullwidth fullwidth-box fusion-builder-row-1 fusion-parallax-fixed nonhundred-percent-fullwidth non-hundred-percent-height-scrolling\" style=\"--awb-border-radius-top-left:0px;--awb-border-radius-top-right:0px;--awb-border-radius-bottom-right:0px;--awb-border-radius-bottom-left:0px;--awb-background-image:url(&quot;https:\/\/kvg-mettingen.de\/kvg\/main\/gymnasium\/wp-content\/uploads\/sites\/2\/2019\/12\/Image_3_web_kuerzer.jpg&quot;);--awb-background-size:cover;--awb-flex-wrap:wrap;background-attachment:fixed;\" ><div class=\"fusion-builder-row fusion-row\"><div class=\"fusion-layout-column fusion_builder_column fusion-builder-column-0 fusion_builder_column_1_1 1_1 fusion-one-full fusion-column-first fusion-column-last\" style=\"--awb-bg-size:cover;\"><div class=\"fusion-column-wrapper fusion-flex-column-wrapper-legacy\"><div class=\"fusion-sep-clear\"><\/div><div class=\"fusion-separator fusion-full-width-sep\" style=\"margin-left: auto;margin-right: auto;margin-top:150px;margin-bottom:150px;width:100%;\"><\/div><div class=\"fusion-sep-clear\"><\/div><div class=\"fusion-clearfix\"><\/div><\/div><\/div><\/div><\/div><div class=\"fusion-fullwidth fullwidth-box fusion-builder-row-2 nonhundred-percent-fullwidth non-hundred-percent-height-scrolling\" style=\"--awb-border-radius-top-left:0px;--awb-border-radius-top-right:0px;--awb-border-radius-bottom-right:0px;--awb-border-radius-bottom-left:0px;--awb-flex-wrap:wrap;\" ><div class=\"fusion-builder-row fusion-row\"><div class=\"fusion-layout-column fusion_builder_column fusion-builder-column-1 fusion_builder_column_1_1 1_1 fusion-one-full fusion-column-first fusion-column-last fusion-animated\" style=\"--awb-bg-size:cover;--awb-margin-top:70px;\" data-animationType=\"fadeInLeft\" data-animationDuration=\"1.0\" data-animationOffset=\"top-into-view\"><div class=\"fusion-column-wrapper fusion-flex-column-wrapper-legacy\"><div class=\"fusion-text fusion-text-1\"><h1 id=\"beratungskonzept\">Studien- und Berufsorientierung<\/h1>\n<\/div><div class=\"fusion-clearfix\"><\/div><\/div><\/div><div class=\"fusion-layout-column fusion_builder_column fusion-builder-column-2 fusion_builder_column_1_2 1_2 fusion-one-half fusion-column-first fusion-animated\" style=\"--awb-bg-size:cover;width:50%;width:calc(50% - ( ( 7% ) * 0.5 ) );margin-right: 7%;\" data-animationType=\"fadeInLeft\" data-animationDuration=\"1.0\" data-animationOffset=\"top-into-view\"><div class=\"fusion-column-wrapper fusion-flex-column-wrapper-legacy\"><div class=\"fusion-text fusion-text-2\"><p>Seit der Einf\u00fchrung des Landesvorhabens \u201eKein Abschluss ohne Anschluss\u201c (KAoA) orientiert sich die Studien- und Berufsorientierung aller \u00f6ffentlichen Schulen an gemeinsamen Standards. Auch unsere Schule betrachtet diese Standards als verbindliche Vorgaben und setzt sie unter Ber\u00fccksichtigung der unterschiedlichen Standardelemente um.<\/p>\n<p>Dabei beginnen wir mit der\u00a0<strong>Potenzialanalyse<\/strong>\u00a0und der\u00a0<strong>Einf\u00fchrung des Berufswahlpasses<\/strong>\u00a0in\u00a0<strong>Klasse 8<\/strong>. Au\u00dferdem nehmen alle Sch\u00fclerinnen und Sch\u00fcler dieser Jahrgangsstufe auch am\u00a0<strong>Girls Day\/Boys Day<\/strong>\u00a0teil.<\/p>\n<p>In der\u00a0<strong>Jahrgangsstufe 9<\/strong>\u00a0sind Fragen rund um das Thema \u201eStudien- und Berufswahl\u201c eng an den Deutsch- und den Politikunterricht angebunden. Die Sch\u00fclerinnen und Sch\u00fcler lernen im Rahmen einer\u00a0<strong>Unterrichtseinheit im Fach Deutsch, in der es um \u201edie Erkundung von Berufen\u201c<\/strong>\u00a0geht, wie man ein Bewerbungsschreiben verfasst und einen Lebenslauf erstellt und bekommen Leitlinien f\u00fcr ein Bewerbungsgespr\u00e4ch, die dann in simulierten Gespr\u00e4chssituationen erprobt werden k\u00f6nnen. Erg\u00e4nzt wird das Ganze durch die\u00a0<strong>Unterrichtseinheit \u201eBerufswege und Berufswegeplanung\u201c im Politikunterricht<\/strong>.<\/p>\n<div class=\"col-12 col-md-9\"><\/div>\n<div><\/div>\n<div><\/div>\n<div><a href=\"https:\/\/kvgschulen.taskcards.app\/#\/board\/f2e74e77-f2d1-49fb-b932-bdfef5fd0508\"><strong>Informationsplattform Berufsorientierung (hier klicken)<\/strong><\/a><\/div>\n<\/div><div class=\"fusion-clearfix\"><\/div><\/div><\/div><div class=\"fusion-layout-column fusion_builder_column fusion-builder-column-3 fusion_builder_column_1_2 1_2 fusion-one-half fusion-column-last fusion-animated\" style=\"--awb-bg-size:cover;width:50%;width:calc(50% - ( ( 7% ) * 0.5 ) );\" data-animationType=\"fadeInRight\" data-animationDuration=\"1.0\" data-animationOffset=\"top-into-view\"><div class=\"fusion-column-wrapper fusion-flex-column-wrapper-legacy\"><div class=\"fusion-image-element in-legacy-container\" style=\"--awb-caption-title-font-family:var(--h2_typography-font-family);--awb-caption-title-font-weight:var(--h2_typography-font-weight);--awb-caption-title-font-style:var(--h2_typography-font-style);--awb-caption-title-size:var(--h2_typography-font-size);--awb-caption-title-transform:var(--h2_typography-text-transform);--awb-caption-title-line-height:var(--h2_typography-line-height);--awb-caption-title-letter-spacing:var(--h2_typography-letter-spacing);\"><span class=\" fusion-imageframe imageframe-none imageframe-1 hover-type-none\"><img decoding=\"async\" width=\"638\" height=\"193\" title=\"Berufsinformationszentrum\" src=\"https:\/\/kvg-mettingen.de\/kvg\/main\/gymnasium\/wp-content\/uploads\/sites\/2\/2019\/12\/Berufsinformationszentrum.jpg\" alt class=\"img-responsive wp-image-1051\" srcset=\"https:\/\/kvg-mettingen.de\/gymnasium\/wp-content\/uploads\/sites\/2\/2019\/12\/Berufsinformationszentrum-200x61.jpg 200w, https:\/\/kvg-mettingen.de\/gymnasium\/wp-content\/uploads\/sites\/2\/2019\/12\/Berufsinformationszentrum-400x121.jpg 400w, https:\/\/kvg-mettingen.de\/gymnasium\/wp-content\/uploads\/sites\/2\/2019\/12\/Berufsinformationszentrum-600x182.jpg 600w, https:\/\/kvg-mettingen.de\/gymnasium\/wp-content\/uploads\/sites\/2\/2019\/12\/Berufsinformationszentrum.jpg 638w\" sizes=\"(max-width: 800px) 100vw, 600px\" \/><\/span><\/div><div class=\"fusion-sep-clear\"><\/div><div class=\"fusion-separator fusion-full-width-sep\" style=\"margin-left: auto;margin-right: auto;margin-bottom:45px;width:100%;\"><\/div><div class=\"fusion-sep-clear\"><\/div><div class=\"fusion-text fusion-text-3\"><p>Dar\u00fcber hinaus fahren alle Sch\u00fcler dieses Jahrgangs zu einem\u00a0<strong>Informationsvormittag in das Berufsinformationszentrum (BIZ) nach Rheine<\/strong>\u00a0und nehmen auch noch einmal am\u00a0<strong>Girls Day\/Boys Day<\/strong> teil, wobei sie das bisher Gelernte und die erlangten Informationen zu den einzelnen Berufen und Berufsfeldern f\u00fcr die Auswahl ihres <strong>eint\u00e4gigen Praktikums<\/strong> nutzen sollen. Au\u00dferdem findet in dieser Jahrgangsstufe \u00fcber den Religionsunterricht das Projekt \u201esozial genial\u201c statt, wo Sch\u00fcler vor allem soziale Berufsfelder erkunden.<\/p>\n<p>In der\u00a0<strong>Einf\u00fchrungsphase<\/strong>\u00a0f\u00fchren wir ein\u00a0<strong>zweiw\u00f6chiges Betriebspraktikum<\/strong>\u00a0durch, wobei in den letzten Jahren auch vermehrt Auslandspraktika (z.B. in Tschechien, Ungarn oder Frankreich) vermittelt werden konnten.<\/p>\n<\/div><div class=\"fusion-clearfix\"><\/div><\/div><\/div><\/div><\/div><div class=\"fusion-fullwidth fullwidth-box fusion-builder-row-3 nonhundred-percent-fullwidth non-hundred-percent-height-scrolling\" style=\"--awb-border-radius-top-left:0px;--awb-border-radius-top-right:0px;--awb-border-radius-bottom-right:0px;--awb-border-radius-bottom-left:0px;--awb-margin-top:50px;--awb-margin-bottom:50px;--awb-flex-wrap:wrap;\" ><div class=\"fusion-builder-row fusion-row\"><div class=\"fusion-layout-column fusion_builder_column fusion-builder-column-4 fusion_builder_column_1_1 1_1 fusion-one-full fusion-column-first fusion-column-last\" style=\"--awb-bg-size:cover;\"><div class=\"fusion-column-wrapper fusion-flex-column-wrapper-legacy\"><div class=\"fusion-sep-clear\"><\/div><div class=\"fusion-separator fusion-full-width-sep\" style=\"margin-left: auto;margin-right: auto;margin-bottom:50px;width:100%;\"><div class=\"fusion-separator-border sep-single sep-solid\" style=\"--awb-height:20px;--awb-amount:20px;--awb-sep-color:#005191;border-color:#005191;border-top-width:1px;\"><\/div><\/div><div class=\"fusion-sep-clear\"><\/div><div class=\"fusion-clearfix\"><\/div><\/div><\/div><div class=\"fusion-layout-column fusion_builder_column fusion-builder-column-5 fusion_builder_column_3_4 3_4 fusion-three-fourth fusion-column-first fusion-animated\" style=\"--awb-bg-size:cover;width:75%;width:calc(75% - ( ( 4% ) * 0.75 ) );margin-right: 4%;\" data-animationType=\"fadeInLeft\" data-animationDuration=\"1.0\" data-animationOffset=\"top-into-view\"><div class=\"fusion-column-wrapper fusion-flex-column-wrapper-legacy\"><div class=\"fusion-sep-clear\"><\/div><div class=\"fusion-separator fusion-full-width-sep\" style=\"margin-left: auto;margin-right: auto;margin-top:20px;margin-bottom:20px;width:100%;\"><\/div><div class=\"fusion-sep-clear\"><\/div><div class=\"fusion-text fusion-text-4\"><p>Als ein besonderes Angebot zur Berufsfelderkundung ist f\u00fcr die Sch\u00fcler der Jahrg\u00e4nge 8 \u2013 10 unser Kooperationspartner die \u201eMettinger Br\u00fccke\u201c zu erw\u00e4hnen. Sie ist eine Kooperation von Mettinger Unternehmen und Schulen.<\/p>\n<\/div><div class=\"fusion-clearfix\"><\/div><\/div><\/div><div class=\"fusion-layout-column fusion_builder_column fusion-builder-column-6 fusion_builder_column_1_4 1_4 fusion-one-fourth fusion-column-last fusion-animated\" style=\"--awb-bg-size:cover;width:25%;width:calc(25% - ( ( 4% ) * 0.25 ) );\" data-animationType=\"fadeInRight\" data-animationDuration=\"1.0\" data-animationOffset=\"top-into-view\"><div class=\"fusion-column-wrapper fusion-flex-column-wrapper-legacy\"><div class=\"fusion-image-element in-legacy-container\" style=\"--awb-caption-title-font-family:var(--h2_typography-font-family);--awb-caption-title-font-weight:var(--h2_typography-font-weight);--awb-caption-title-font-style:var(--h2_typography-font-style);--awb-caption-title-size:var(--h2_typography-font-size);--awb-caption-title-transform:var(--h2_typography-text-transform);--awb-caption-title-line-height:var(--h2_typography-line-height);--awb-caption-title-letter-spacing:var(--h2_typography-letter-spacing);\"><span class=\" fusion-imageframe imageframe-none imageframe-2 hover-type-none\"><img decoding=\"async\" width=\"1920\" height=\"1305\" title=\"Partnerschule\" src=\"https:\/\/kvg-mettingen.de\/kvg\/main\/gymnasium\/wp-content\/uploads\/sites\/2\/2019\/12\/Partnerschule.jpg\" alt class=\"img-responsive wp-image-1054\" srcset=\"https:\/\/kvg-mettingen.de\/gymnasium\/wp-content\/uploads\/sites\/2\/2019\/12\/Partnerschule-200x136.jpg 200w, https:\/\/kvg-mettingen.de\/gymnasium\/wp-content\/uploads\/sites\/2\/2019\/12\/Partnerschule-400x272.jpg 400w, https:\/\/kvg-mettingen.de\/gymnasium\/wp-content\/uploads\/sites\/2\/2019\/12\/Partnerschule-600x408.jpg 600w, https:\/\/kvg-mettingen.de\/gymnasium\/wp-content\/uploads\/sites\/2\/2019\/12\/Partnerschule-800x544.jpg 800w, https:\/\/kvg-mettingen.de\/gymnasium\/wp-content\/uploads\/sites\/2\/2019\/12\/Partnerschule-1200x816.jpg 1200w, https:\/\/kvg-mettingen.de\/gymnasium\/wp-content\/uploads\/sites\/2\/2019\/12\/Partnerschule.jpg 1920w\" sizes=\"(max-width: 800px) 100vw, 400px\" \/><\/span><\/div><div class=\"fusion-clearfix\"><\/div><\/div><\/div><div class=\"fusion-layout-column fusion_builder_column fusion-builder-column-7 fusion_builder_column_1_1 1_1 fusion-one-full fusion-column-first fusion-column-last\" style=\"--awb-bg-size:cover;\"><div class=\"fusion-column-wrapper fusion-flex-column-wrapper-legacy\"><div class=\"fusion-sep-clear\"><\/div><div class=\"fusion-separator fusion-full-width-sep\" style=\"margin-left: auto;margin-right: auto;margin-top:60px;width:100%;\"><div class=\"fusion-separator-border sep-single sep-solid\" style=\"--awb-height:20px;--awb-amount:20px;--awb-sep-color:#005191;border-color:#005191;border-top-width:1px;\"><\/div><\/div><div class=\"fusion-sep-clear\"><\/div><div class=\"fusion-clearfix\"><\/div><\/div><\/div><\/div><\/div><div class=\"fusion-fullwidth fullwidth-box fusion-builder-row-4 nonhundred-percent-fullwidth non-hundred-percent-height-scrolling\" style=\"--awb-border-radius-top-left:0px;--awb-border-radius-top-right:0px;--awb-border-radius-bottom-right:0px;--awb-border-radius-bottom-left:0px;--awb-margin-top:50px;--awb-margin-bottom:50px;--awb-flex-wrap:wrap;\" ><div class=\"fusion-builder-row fusion-row\"><div class=\"fusion-layout-column fusion_builder_column fusion-builder-column-8 fusion_builder_column_1_2 1_2 fusion-one-half fusion-column-first fusion-animated\" style=\"--awb-bg-size:cover;width:50%;width:calc(50% - ( ( 7% ) * 0.5 ) );margin-right: 7%;\" data-animationType=\"fadeInLeft\" data-animationDuration=\"1.0\" data-animationOffset=\"top-into-view\"><div class=\"fusion-column-wrapper fusion-flex-column-wrapper-legacy\"><div class=\"fusion-image-element in-legacy-container\" style=\"--awb-caption-title-font-family:var(--h2_typography-font-family);--awb-caption-title-font-weight:var(--h2_typography-font-weight);--awb-caption-title-font-style:var(--h2_typography-font-style);--awb-caption-title-size:var(--h2_typography-font-size);--awb-caption-title-transform:var(--h2_typography-text-transform);--awb-caption-title-line-height:var(--h2_typography-line-height);--awb-caption-title-letter-spacing:var(--h2_typography-letter-spacing);\"><span class=\" fusion-imageframe imageframe-none imageframe-3 hover-type-none\"><img decoding=\"async\" width=\"225\" height=\"47\" title=\"Bundesagentur_fuer_Arbeit\" src=\"https:\/\/kvg-mettingen.de\/kvg\/main\/gymnasium\/wp-content\/uploads\/sites\/2\/2019\/12\/Bundesagentur_fuer_Arbeit.jpg\" alt class=\"img-responsive wp-image-1052\" srcset=\"https:\/\/kvg-mettingen.de\/gymnasium\/wp-content\/uploads\/sites\/2\/2019\/12\/Bundesagentur_fuer_Arbeit-200x42.jpg 200w, https:\/\/kvg-mettingen.de\/gymnasium\/wp-content\/uploads\/sites\/2\/2019\/12\/Bundesagentur_fuer_Arbeit.jpg 225w\" sizes=\"(max-width: 800px) 100vw, 225px\" \/><\/span><\/div><div class=\"fusion-sep-clear\"><\/div><div class=\"fusion-separator fusion-full-width-sep\" style=\"margin-left: auto;margin-right: auto;margin-bottom:50px;width:100%;\"><\/div><div class=\"fusion-sep-clear\"><\/div><div class=\"fusion-text fusion-text-5\"><p>Aufbauend auf den betrieblichen Erfahrungen wird in der Jahrgangsstufe Q1 in Zusammenarbeit mit den Fachkr\u00e4ften der Arbeitsagentur Rheine eine\u00a0<strong>individuelle Studien- und Berufsberatung<\/strong>\u00a0angeboten. Diese Sprechstunden geben den Sch\u00fclern die M\u00f6glichkeit, sich gezielt individuell beraten zu lassen. Dar\u00fcber hinaus findet ein\u00a0<strong>Vormittag zur Studien- und Berufsorientierung<\/strong>\u00a0statt. Dieser Vormittag beginnt mit einem allgemeinen Vortrag unter dem Titel\u00a0<strong>\u201eWege nach dem Abitur\u201c<\/strong>, wird dann fortgesetzt mit einer Informationsveranstaltung zu Fragen rund um ein\u00a0<strong>\u201eFreiwilliges Soziales Jahr\u201c<\/strong>\u00a0und endet schlie\u00dflich mit\u00a0<strong>einer Einf\u00fchrung in den Studifinder<\/strong>. Als Erg\u00e4nzung zu dieser Veranstaltung bieten wir allen Sch\u00fclern, die nach dem Abitur eine betriebliche Ausbildung oder ein Duales Studium anstreben, die Teilnahme an einem\u00a0<strong>kostenlosen Bewerbungstraining<\/strong> an, das von den Fachkr\u00e4ften der Barmer Ersatzkasse durchgef\u00fchrt wird.<\/p>\n<\/div><div class=\"fusion-clearfix\"><\/div><\/div><\/div><div class=\"fusion-layout-column fusion_builder_column fusion-builder-column-9 fusion_builder_column_1_2 1_2 fusion-one-half fusion-column-last fusion-animated\" style=\"--awb-bg-size:cover;width:50%;width:calc(50% - ( ( 7% ) * 0.5 ) );\" data-animationType=\"fadeInRight\" data-animationDuration=\"1.0\" data-animationOffset=\"top-into-view\"><div class=\"fusion-column-wrapper fusion-flex-column-wrapper-legacy\"><div class=\"fusion-text fusion-text-6\"><p>Das Angebot einer\u00a0<strong>individuellen Studien- und Berufsberatung<\/strong>\u00a0durch die Fachkr\u00e4fte der Agentur f\u00fcr Arbeit gilt auch f\u00fcr die Sch\u00fcler der Q2, die dar\u00fcber hinaus noch die M\u00f6glichkeit haben, am Hochschulinformationstag (HIT) der Universit\u00e4t Osnabr\u00fcck teilzunehmen. Im Rahmen dieses Informationstages k\u00f6nnen sich die angehenden Abiturienten \u201evor Ort\u201c einen Einblick in die angebotenen Studienf\u00e4cher und Abschl\u00fcsse sowie die Studienbedingungen verschaffen.<\/p>\n<p>Im Zentrum der Beratungsarbeit der Jahrgangsstufen Q1 und Q2 steht ein\u00a0<strong>Informationsnachmittag zur Studien- und Berufswahl<\/strong>, an dem eine ganze Reihe unterschiedlicher\u00a0<strong>Workshops<\/strong>\u00a0angeboten wird. Im Rahmen dieser Veranstaltung berichten \u00fcberwiegend ehemalige Sch\u00fcler \u00fcber ihren Werdegang und die von ihnen gemachten Erfahrungen in unterschiedlichen Studieng\u00e4ngen und in ihrem Berufsalltag. Dar\u00fcber hinaus sind auch Vertreter unterschiedlicher Hochschulen und regional ans\u00e4ssiger Unternehmen eingeladen.<\/p>\n<\/div><div class=\"fusion-clearfix\"><\/div><\/div><\/div><\/div><\/div><div class=\"fusion-fullwidth fullwidth-box fusion-builder-row-5 nonhundred-percent-fullwidth non-hundred-percent-height-scrolling\" style=\"--awb-border-radius-top-left:0px;--awb-border-radius-top-right:0px;--awb-border-radius-bottom-right:0px;--awb-border-radius-bottom-left:0px;--awb-flex-wrap:wrap;\" ><div class=\"fusion-builder-row fusion-row\"><div class=\"fusion-layout-column fusion_builder_column fusion-builder-column-10 fusion_builder_column_1_1 1_1 fusion-one-full fusion-column-first fusion-column-last\" style=\"--awb-bg-size:cover;\"><div class=\"fusion-column-wrapper fusion-flex-column-wrapper-legacy\"><div class=\"fusion-sep-clear\"><\/div><div class=\"fusion-separator fusion-full-width-sep\" style=\"margin-left: auto;margin-right: auto;width:100%;\"><div class=\"fusion-separator-border sep-single sep-solid\" style=\"--awb-height:20px;--awb-amount:20px;--awb-sep-color:#005191;border-color:#005191;border-top-width:1px;\"><\/div><\/div><div class=\"fusion-sep-clear\"><\/div><div class=\"fusion-clearfix\"><\/div><\/div><\/div><div class=\"fusion-layout-column fusion_builder_column fusion-builder-column-11 fusion_builder_column_1_2 1_2 fusion-one-half fusion-column-first fusion-animated\" style=\"--awb-bg-size:cover;width:50%;width:calc(50% - ( ( 4% ) * 0.5 ) );margin-right: 4%;\" data-animationType=\"fadeInLeft\" data-animationDuration=\"1.0\" data-animationOffset=\"top-into-view\"><div class=\"fusion-column-wrapper fusion-flex-column-wrapper-legacy\"><div class=\"fusion-text fusion-text-7\"><h4>Ansprechpartner<\/h4>\n<h5>Andreas G\u00fcmpel \u2013<a href=\"mailto:andreas.guempel@kvgschulen.de\">andreas.guempel(at)kvgschulen.de<\/a><\/h5>\n<h5>Detlev G\u00f6ldner \u2013 <a href=\"mailto:detlev.goeldner@kvgschulen.de\">detlev.goeldner(at)kvgschulen.de<\/a><\/h5>\n<\/div><div class=\"fusion-clearfix\"><\/div><\/div><\/div><div class=\"fusion-layout-column fusion_builder_column fusion-builder-column-12 fusion_builder_column_1_4 1_4 fusion-one-fourth fusion-column-last fusion-animated\" style=\"--awb-bg-size:cover;width:25%;width:calc(25% - ( ( 4% ) * 0.25 ) );\" data-animationType=\"fadeInRight\" data-animationDuration=\"1.0\" data-animationOffset=\"top-into-view\"><div class=\"fusion-column-wrapper fusion-flex-column-wrapper-legacy\"><div class=\"fusion-clearfix\"><\/div><\/div><\/div><div class=\"fusion-layout-column fusion_builder_column fusion-builder-column-13 fusion_builder_column_1_1 1_1 fusion-one-full fusion-column-first fusion-column-last\" style=\"--awb-bg-size:cover;\"><div class=\"fusion-column-wrapper fusion-flex-column-wrapper-legacy\"><div class=\"fusion-sep-clear\"><\/div><div class=\"fusion-separator fusion-full-width-sep\" style=\"margin-left: auto;margin-right: auto;width:100%;\"><div class=\"fusion-separator-border sep-single sep-solid\" style=\"--awb-height:20px;--awb-amount:20px;--awb-sep-color:#005191;border-color:#005191;border-top-width:1px;\"><\/div><\/div><div class=\"fusion-sep-clear\"><\/div><div class=\"fusion-clearfix\"><\/div><\/div><\/div><\/div><\/div><\/p>\n","protected":false},"excerpt":{"rendered":"","protected":false},"author":1,"featured_media":0,"parent":679,"menu_order":3,"comment_status":"closed","ping_status":"closed","template":"100-width.php","meta":{"footnotes":""},"class_list":["post-705","page","type-page","status-publish","hentry"],"_links":{"self":[{"href":"https:\/\/kvg-mettingen.de\/gymnasium\/wp-json\/wp\/v2\/pages\/705","targetHints":{"allow":["GET"]}}],"collection":[{"href":"https:\/\/kvg-mettingen.de\/gymnasium\/wp-json\/wp\/v2\/pages"}],"about":[{"href":"https:\/\/kvg-mettingen.de\/gymnasium\/wp-json\/wp\/v2\/types\/page"}],"author":[{"embeddable":true,"href":"https:\/\/kvg-mettingen.de\/gymnasium\/wp-json\/wp\/v2\/users\/1"}],"replies":[{"embeddable":true,"href":"https:\/\/kvg-mettingen.de\/gymnasium\/wp-json\/wp\/v2\/comments?post=705"}],"version-history":[{"count":23,"href":"https:\/\/kvg-mettingen.de\/gymnasium\/wp-json\/wp\/v2\/pages\/705\/revisions"}],"predecessor-version":[{"id":3359,"href":"https:\/\/kvg-mettingen.de\/gymnasium\/wp-json\/wp\/v2\/pages\/705\/revisions\/3359"}],"up":[{"embeddable":true,"href":"https:\/\/kvg-mettingen.de\/gymnasium\/wp-json\/wp\/v2\/pages\/679"}],"wp:attachment":[{"href":"https:\/\/kvg-mettingen.de\/gymnasium\/wp-json\/wp\/v2\/media?parent=705"}],"curies":[{"name":"wp","href":"https:\/\/api.w.org\/{rel}","templated":true}]}}