{"id":960,"date":"2019-12-15T16:22:25","date_gmt":"2019-12-15T15:22:25","guid":{"rendered":"http:\/\/kvg.kvg-mettingen.de\/main\/gymnasium\/?page_id=960"},"modified":"2023-09-26T11:41:11","modified_gmt":"2023-09-26T09:41:11","slug":"kvg-am-nachmittag","status":"publish","type":"page","link":"https:\/\/kvg-mettingen.de\/gymnasium\/unterricht\/erprobungsstufe\/kvg-am-nachmittag\/","title":{"rendered":"KvG am Nachmittag"},"content":{"rendered":"<p><div class=\"fusion-fullwidth fullwidth-box fusion-builder-row-1 fusion-parallax-fixed nonhundred-percent-fullwidth non-hundred-percent-height-scrolling\" style=\"--awb-border-radius-top-left:0px;--awb-border-radius-top-right:0px;--awb-border-radius-bottom-right:0px;--awb-border-radius-bottom-left:0px;--awb-background-image:url(&quot;https:\/\/kvg-mettingen.de\/kvg\/main\/gymnasium\/wp-content\/uploads\/sites\/2\/2020\/01\/erprobungsstufe_klettergeruest.jpg&quot;);--awb-background-size:cover;--awb-flex-wrap:wrap;background-attachment:fixed;\" ><div class=\"fusion-builder-row fusion-row\"><div class=\"fusion-layout-column fusion_builder_column fusion-builder-column-0 fusion_builder_column_1_1 1_1 fusion-one-full fusion-column-first fusion-column-last\" style=\"--awb-bg-size:cover;\"><div class=\"fusion-column-wrapper fusion-flex-column-wrapper-legacy\"><div class=\"fusion-sep-clear\"><\/div><div class=\"fusion-separator fusion-full-width-sep\" style=\"margin-left: auto;margin-right: auto;margin-top:150px;margin-bottom:150px;width:100%;\"><\/div><div class=\"fusion-sep-clear\"><\/div><div class=\"fusion-clearfix\"><\/div><\/div><\/div><\/div><\/div><div class=\"fusion-fullwidth fullwidth-box fusion-builder-row-2 nonhundred-percent-fullwidth non-hundred-percent-height-scrolling\" style=\"--awb-border-radius-top-left:0px;--awb-border-radius-top-right:0px;--awb-border-radius-bottom-right:0px;--awb-border-radius-bottom-left:0px;--awb-flex-wrap:wrap;\" ><div class=\"fusion-builder-row fusion-row\"><div class=\"fusion-layout-column fusion_builder_column fusion-builder-column-1 fusion_builder_column_1_1 1_1 fusion-one-full fusion-column-first fusion-column-last fusion-animated\" style=\"--awb-bg-size:cover;--awb-margin-top:70px;\" data-animationType=\"fadeInLeft\" data-animationDuration=\"1.0\" data-animationOffset=\"top-into-view\"><div class=\"fusion-column-wrapper fusion-flex-column-wrapper-legacy\"><div class=\"fusion-text fusion-text-1\"><h1 id=\"kvg-am-nachmittag\">KvG am Nachmittag<\/h1>\n<\/div><div class=\"fusion-clearfix\"><\/div><\/div><\/div><div class=\"fusion-layout-column fusion_builder_column fusion-builder-column-2 fusion_builder_column_3_4 3_4 fusion-three-fourth fusion-column-first fusion-animated\" style=\"--awb-bg-size:cover;width:75%;width:calc(75% - ( ( 4% ) * 0.75 ) );margin-right: 4%;\" data-animationType=\"fadeInLeft\" data-animationDuration=\"1.0\" data-animationOffset=\"top-into-view\"><div class=\"fusion-column-wrapper fusion-flex-column-wrapper-legacy\"><div class=\"fusion-text fusion-text-2\"><p>\u2026 das ist unsere Bezeichnung f\u00fcr das vielseitige Mittags- und Nachmittagsangebot der KvG-Schulen, das wir f\u00fcr unsere Sch\u00fclerInnen an vier Tagen in der Woche von 13.20 bis 15.50 Uhr bereithalten.<\/p>\n<p class=\"d-none d-sm-none d-md-none d-lg-none d-xl-block\">Die Kinder haben die M\u00f6glichkeit zun\u00e4chst ihr Mittagessen einzunehmen, k\u00f6nnen im Anschluss ihre Hausaufgaben erledigen und haben dann Gelegenheit an Programmpunkten unseres AG-Angebotes teilzunehmen.<\/p>\n<\/div><div class=\"fusion-clearfix\"><\/div><\/div><\/div><div class=\"fusion-layout-column fusion_builder_column fusion-builder-column-3 fusion_builder_column_1_4 1_4 fusion-one-fourth fusion-column-last fusion-animated\" style=\"--awb-bg-size:cover;width:25%;width:calc(25% - ( ( 4% ) * 0.25 ) );\" data-animationType=\"fadeInRight\" data-animationDuration=\"1.0\" data-animationOffset=\"top-into-view\"><div class=\"fusion-column-wrapper fusion-flex-column-wrapper-legacy\"><div class=\"fusion-image-element in-legacy-container\" style=\"--awb-caption-title-font-family:var(--h2_typography-font-family);--awb-caption-title-font-weight:var(--h2_typography-font-weight);--awb-caption-title-font-style:var(--h2_typography-font-style);--awb-caption-title-size:var(--h2_typography-font-size);--awb-caption-title-transform:var(--h2_typography-text-transform);--awb-caption-title-line-height:var(--h2_typography-line-height);--awb-caption-title-letter-spacing:var(--h2_typography-letter-spacing);\"><span class=\" fusion-imageframe imageframe-none imageframe-1 hover-type-none\"><img decoding=\"async\" width=\"743\" height=\"543\" title=\"13plus_logo-800&#215;600\" src=\"https:\/\/kvg-mettingen.de\/kvg\/main\/gymnasium\/wp-content\/uploads\/sites\/2\/2019\/12\/13plus_logo-800x600-1.jpg\" alt class=\"img-responsive wp-image-1005\" srcset=\"https:\/\/kvg-mettingen.de\/gymnasium\/wp-content\/uploads\/sites\/2\/2019\/12\/13plus_logo-800x600-1-200x146.jpg 200w, https:\/\/kvg-mettingen.de\/gymnasium\/wp-content\/uploads\/sites\/2\/2019\/12\/13plus_logo-800x600-1-400x292.jpg 400w, https:\/\/kvg-mettingen.de\/gymnasium\/wp-content\/uploads\/sites\/2\/2019\/12\/13plus_logo-800x600-1-600x438.jpg 600w, https:\/\/kvg-mettingen.de\/gymnasium\/wp-content\/uploads\/sites\/2\/2019\/12\/13plus_logo-800x600-1.jpg 743w\" sizes=\"(max-width: 800px) 100vw, 400px\" \/><\/span><\/div><div class=\"fusion-clearfix\"><\/div><\/div><\/div><\/div><\/div><div class=\"fusion-fullwidth fullwidth-box fusion-builder-row-3 has-pattern-background has-mask-background nonhundred-percent-fullwidth non-hundred-percent-height-scrolling\" style=\"--awb-border-radius-top-left:0px;--awb-border-radius-top-right:0px;--awb-border-radius-bottom-right:0px;--awb-border-radius-bottom-left:0px;--awb-padding-top:60px;--awb-padding-bottom:100px;--awb-margin-top:60px;--awb-background-color:rgba(0,81,145,0.1);--awb-flex-wrap:wrap;\" ><div class=\"fusion-builder-row fusion-row\"><div class=\"fusion-layout-column fusion_builder_column fusion-builder-column-4 fusion_builder_column_1_2 1_2 fusion-one-half fusion-column-first fusion-animated\" style=\"--awb-bg-size:cover;--awb-margin-top:50px;width:50%;width:calc(50% - ( ( 7% ) * 0.5 ) );margin-right: 7%;\" data-animationType=\"fadeInLeft\" data-animationDuration=\"1.0\" data-animationOffset=\"top-into-view\"><div class=\"fusion-column-wrapper fusion-flex-column-wrapper-legacy\"><div class=\"fusion-text fusion-text-3\"><div>\n<div>\n<p>Das warme Essensangebot in der Mensa ist abwechslungsreich und ausgewogen. F\u00fcr den kleinen Hunger h\u00e4lt der Schulkiosk ein breites Angebot bereit.<\/p>\n<p>Sch\u00fclerinnen und Sch\u00fcler aus der n\u00e4heren Umgebung k\u00f6nnen auch zum Mittagessen nach Hause gehen und zum AG-Angebot wieder in die Schule kommen.<\/p>\n<p>Unsere Hausaufgabenbetreuung erm\u00f6glicht ungest\u00f6rtes Arbeiten in \u00fcberschaubaren Kleingruppen, die auch nach unterschiedlichen Klassen- bzw. F\u00e4cherschwerpunkten gew\u00e4hlt werden kann.<\/p>\n<\/div>\n<\/div>\n<p>Lehrerinnen und Lehrer, ausgew\u00e4hlte engagierte Sch\u00fclerinnen und Sch\u00fcler der oberen Jahrg\u00e4nge sowie erfahrene Betreuer sorgen f\u00fcr ein sportliches, kreatives, musikalisches und (ent-)spannendes Programm!<\/p>\n<p>Die Teilnahme an der Hausaufgabenbetreuung und an dem AG-Angebot ist kostenlos. Sie setzt eine verbindliche Anmeldung f\u00fcr ein Halbjahr voraus.<\/p>\n<p>An Tagen mit Nachmittagsangeboten fahren die Schulbusse jeweils nach der 6., 7. und 9. Stunde in alle Richtungen.<\/p>\n<\/div><div class=\"fusion-clearfix\"><\/div><\/div><\/div><div class=\"fusion-layout-column fusion_builder_column fusion-builder-column-5 fusion_builder_column_1_2 1_2 fusion-one-half fusion-column-last fusion-animated\" style=\"--awb-bg-size:cover;width:50%;width:calc(50% - ( ( 7% ) * 0.5 ) );\" data-animationType=\"fadeInRight\" data-animationDuration=\"1.0\" data-animationOffset=\"top-into-view\"><div class=\"fusion-column-wrapper fusion-flex-column-wrapper-legacy\"><div class=\"fusion-text fusion-text-4\"><h4 id=\"wir-bieten\" class=\"display-4\">Wir bieten<\/h4>\n<p>Mittagessen<\/p>\n<p>Betreute Hausaufgabenzeit<\/p>\n<p>Beispiel aus dem aktuellen Nachmittagsprogramm:<\/p>\n<\/div><ul style=\"--awb-size:18px;--awb-iconcolor:#005191;--awb-line-height:30.6px;--awb-icon-width:30.6px;--awb-icon-height:30.6px;--awb-icon-margin:12.6px;--awb-content-margin:43.2px;\" class=\"fusion-checklist fusion-checklist-1 fusion-checklist-default type-icons\"><\/ul><div class=\"fusion-sep-clear\"><\/div><div class=\"fusion-separator fusion-full-width-sep\" style=\"margin-left: auto;margin-right: auto;margin-top:50px;width:100%;\"><\/div><div class=\"fusion-sep-clear\"><\/div><div class=\"fusion-alignright\"><a class=\"fusion-button button-flat fusion-button-default-size button-default fusion-button-default button-1 fusion-button-default-span fusion-button-default-type\" target=\"_self\" href=\"https:\/\/kvg-mettingen.de\/gymnasium\/schulleben\/nachmittagsangebote\/\"><span class=\"fusion-button-text fusion-button-text-right\">Zu den aktuellen Nachmittagsangeboten<\/span><span class=\"fusion-button-icon-divider button-icon-divider-right\"><i class=\"fa-angle-right fas\" aria-hidden=\"true\"><\/i><\/span><\/a><\/div><div class=\"fusion-clearfix\"><\/div><\/div><\/div><div class=\"fusion-layout-column fusion_builder_column fusion-builder-column-6 fusion_builder_column_1_3 1_3 fusion-one-third fusion-column-first\" style=\"--awb-bg-size:cover;width:33.333333333333%;width:calc(33.333333333333% - ( ( 4% ) * 0.33333333333333 ) );margin-right: 4%;\"><div class=\"fusion-column-wrapper fusion-flex-column-wrapper-legacy\"><div class=\"fusion-clearfix\"><\/div><\/div><\/div><div class=\"fusion-layout-column fusion_builder_column fusion-builder-column-7 fusion_builder_column_2_3 2_3 fusion-two-third fusion-column-last fusion-animated\" style=\"--awb-bg-size:cover;--awb-margin-top:50px;width:66.666666666667%;width:calc(66.666666666667% - ( ( 4% ) * 0.66666666666667 ) );\" data-animationType=\"fadeInRight\" data-animationDuration=\"1.0\" data-animationOffset=\"top-into-view\"><div class=\"fusion-column-wrapper fusion-flex-column-wrapper-legacy\"><div class=\"fusion-alignright\"><a class=\"fusion-button button-flat fusion-button-default-size button-default fusion-button-default button-2 fusion-button-default-span fusion-button-default-type\" target=\"_self\" href=\"https:\/\/kvg-mettingen.de\/gymnasium\/unterricht\/erprobungsstufe\/beratung-und-unterstuetzung-fuer-schueler-und-eltern\/\"><span class=\"fusion-button-text fusion-button-text-right\">Beratung und Unterst\u00fctzung f\u00fcr Sch\u00fcler und Eltern<\/span><span class=\"fusion-button-icon-divider button-icon-divider-right\"><i class=\"fa-angle-right fas\" aria-hidden=\"true\"><\/i><\/span><\/a><\/div><div class=\"fusion-clearfix\"><\/div><\/div><\/div><\/div><\/div><\/p>\n","protected":false},"excerpt":{"rendered":"","protected":false},"author":1,"featured_media":0,"parent":695,"menu_order":4,"comment_status":"closed","ping_status":"closed","template":"100-width.php","meta":{"footnotes":""},"class_list":["post-960","page","type-page","status-publish","hentry"],"_links":{"self":[{"href":"https:\/\/kvg-mettingen.de\/gymnasium\/wp-json\/wp\/v2\/pages\/960","targetHints":{"allow":["GET"]}}],"collection":[{"href":"https:\/\/kvg-mettingen.de\/gymnasium\/wp-json\/wp\/v2\/pages"}],"about":[{"href":"https:\/\/kvg-mettingen.de\/gymnasium\/wp-json\/wp\/v2\/types\/page"}],"author":[{"embeddable":true,"href":"https:\/\/kvg-mettingen.de\/gymnasium\/wp-json\/wp\/v2\/users\/1"}],"replies":[{"embeddable":true,"href":"https:\/\/kvg-mettingen.de\/gymnasium\/wp-json\/wp\/v2\/comments?post=960"}],"version-history":[{"count":22,"href":"https:\/\/kvg-mettingen.de\/gymnasium\/wp-json\/wp\/v2\/pages\/960\/revisions"}],"predecessor-version":[{"id":2673,"href":"https:\/\/kvg-mettingen.de\/gymnasium\/wp-json\/wp\/v2\/pages\/960\/revisions\/2673"}],"up":[{"embeddable":true,"href":"https:\/\/kvg-mettingen.de\/gymnasium\/wp-json\/wp\/v2\/pages\/695"}],"wp:attachment":[{"href":"https:\/\/kvg-mettingen.de\/gymnasium\/wp-json\/wp\/v2\/media?parent=960"}],"curies":[{"name":"wp","href":"https:\/\/api.w.org\/{rel}","templated":true}]}}