{"id":2468,"date":"2024-11-27T18:57:55","date_gmt":"2024-11-27T17:57:55","guid":{"rendered":"https:\/\/kvg-mettingen.de\/realschule\/?page_id=2468"},"modified":"2026-03-23T22:17:39","modified_gmt":"2026-03-23T21:17:39","slug":"geschichte","status":"publish","type":"page","link":"https:\/\/kvg-mettingen.de\/realschule\/unterricht\/faecherangebote\/geschichte\/","title":{"rendered":"Geschichte"},"content":{"rendered":"<p><div class=\"fusion-fullwidth fullwidth-box fusion-builder-row-1 fusion-parallax-fixed nonhundred-percent-fullwidth non-hundred-percent-height-scrolling\" style=\"--awb-border-radius-top-left:0px;--awb-border-radius-top-right:0px;--awb-border-radius-bottom-right:0px;--awb-border-radius-bottom-left:0px;--awb-background-image:url(&quot;https:\/\/kvg-mettingen.de\/kvg\/main\/gymnasium\/wp-content\/uploads\/sites\/2\/2019\/12\/Image_3_web_kuerzer.jpg&quot;);--awb-background-size:cover;--awb-flex-wrap:wrap;background-attachment:fixed;\" ><div class=\"fusion-builder-row fusion-row\"><div class=\"fusion-layout-column fusion_builder_column fusion-builder-column-0 fusion_builder_column_1_1 1_1 fusion-one-full fusion-column-first fusion-column-last\" style=\"--awb-bg-blend:overlay;--awb-bg-size:cover;\"><div class=\"fusion-column-wrapper fusion-flex-column-wrapper-legacy\"><div class=\"fusion-sep-clear\"><\/div><div class=\"fusion-separator fusion-full-width-sep\" style=\"margin-left: auto;margin-right: auto;margin-top:150px;margin-bottom:150px;width:100%;\"><\/div><div class=\"fusion-sep-clear\"><\/div><div class=\"fusion-clearfix\"><\/div><\/div><\/div><\/div><\/div><div class=\"fusion-fullwidth fullwidth-box fusion-builder-row-2 nonhundred-percent-fullwidth non-hundred-percent-height-scrolling\" style=\"--awb-border-radius-top-left:0px;--awb-border-radius-top-right:0px;--awb-border-radius-bottom-right:0px;--awb-border-radius-bottom-left:0px;--awb-flex-wrap:wrap;\" ><div class=\"fusion-builder-row fusion-row\"><div class=\"fusion-layout-column fusion_builder_column fusion-builder-column-1 fusion_builder_column_1_1 1_1 fusion-one-full fusion-column-first fusion-column-last fusion-animated\" style=\"--awb-bg-blend:overlay;--awb-bg-size:cover;--awb-margin-top:70px;\" data-animationType=\"fadeInLeft\" data-animationDuration=\"1.0\" data-animationOffset=\"top-into-view\"><div class=\"fusion-column-wrapper fusion-flex-column-wrapper-legacy\"><div class=\"fusion-text fusion-text-1\"><h1>Geschichte \u2013 ein spannendes Fach<\/h1>\n<\/div><div class=\"fusion-clearfix\"><\/div><\/div><\/div><div class=\"fusion-layout-column fusion_builder_column fusion-builder-column-2 fusion_builder_column_2_3 2_3 fusion-two-third fusion-column-first fusion-animated\" style=\"--awb-bg-blend:overlay;--awb-bg-size:cover;width:65.3333%; margin-right: 7%;\" data-animationType=\"fadeInLeft\" data-animationDuration=\"1.0\" data-animationOffset=\"top-into-view\"><div class=\"fusion-column-wrapper fusion-flex-column-wrapper-legacy\"><div class=\"fusion-text fusion-text-2\"><p style=\"text-align: left;\" align=\"justify\">Das Fach Geschichte ist ein fester Bestandteil des Lehrplans an Realschulen in Nordrhein-Westfalen. Es bietet den Sch\u00fclerinnen und Sch\u00fclern die M\u00f6glichkeit, sich mit vergangenen Ereignissen auseinanderzusetzen und dadurch ein besseres Verst\u00e4ndnis f\u00fcr die Gegenwart zu entwickeln. In diesem Bericht m\u00f6chten wir einen \u00dcberblick \u00fcber das Fach Geschichte an Kardinal-von-Galen Realschulen geben.<\/p>\n<\/div><div class=\"fusion-clearfix\"><\/div><\/div><\/div><div class=\"fusion-layout-column fusion_builder_column fusion-builder-column-3 fusion_builder_column_1_2 1_2 fusion-one-half fusion-column-first fusion-animated\" style=\"--awb-bg-blend:overlay;--awb-bg-size:cover;width:50%;width:calc(50% - ( ( 7% ) * 0.5 ) );margin-right: 7%;\" data-animationType=\"fadeInLeft\" data-animationDuration=\"1.0\" data-animationOffset=\"top-into-view\"><div class=\"fusion-column-wrapper fusion-flex-column-wrapper-legacy\"><div class=\"fusion-text fusion-text-3\"><h4 style=\"text-align: left;\" align=\"justify\">Ein breites Themenspektrum<\/h4>\n<p style=\"text-align: left;\" align=\"justify\">Das Fach Geschichte deckt eine Vielzahl von Themen ab, angefangen bei der Fr\u00fchgeschichte bis hin zur aktuellen Zeitgeschichte. Die Sch\u00fclerinnen und Sch\u00fcler lernen dabei nicht nur wichtige historische Ereignisse kennen, sondern auch deren Hintergr\u00fcnde und Auswirkungen auf die Gesellschaft. Dabei werden sowohl regionale als auch globale Aspekte ber\u00fccksichtigt.<\/p>\n<\/div><div class=\"fusion-clearfix\"><\/div><\/div><\/div><div class=\"fusion-layout-column fusion_builder_column fusion-builder-column-4 fusion_builder_column_1_2 1_2 fusion-one-half fusion-column-last fusion-animated\" style=\"--awb-bg-blend:overlay;--awb-bg-size:cover;width:50%;width:calc(50% - ( ( 7% ) * 0.5 ) );\" data-animationType=\"fadeInLeft\" data-animationDuration=\"1.0\" data-animationOffset=\"top-into-view\"><div class=\"fusion-column-wrapper fusion-flex-column-wrapper-legacy\"><div class=\"fusion-text fusion-text-4\"><h4 style=\"text-align: left;\" align=\"justify\">Methodenvielfalt im Geschichtsunterricht<\/h4>\n<p style=\"text-align: left;\" align=\"justify\">Im Geschichtsunterricht an der Kardinal-von-Galen Realschulen wird gro\u00dfen Wert auf eine abwechslungsreiche Gestaltung gelegt. Neben dem klassischen Frontalunterricht kommen verschiedene Methoden zum Einsatz, um das Interesse der Sch\u00fclerinnen und Sch\u00fcler zu wecken und ihre aktive Teilnahme am Unterricht zu f\u00f6rdern. Dazu geh\u00f6ren beispielsweise Gruppenarbeit, Referate, Exkursionen und auch der Einsatz von digitalen Medien.<\/p>\n<\/div><div class=\"fusion-clearfix\"><\/div><\/div><\/div><div class=\"fusion-layout-column fusion_builder_column fusion-builder-column-5 fusion_builder_column_1_2 1_2 fusion-one-half fusion-column-first fusion-animated\" style=\"--awb-bg-blend:overlay;--awb-bg-size:cover;width:50%;width:calc(50% - ( ( 7% ) * 0.5 ) );margin-right: 7%;\" data-animationType=\"fadeInLeft\" data-animationDuration=\"1.0\" data-animationOffset=\"top-into-view\"><div class=\"fusion-column-wrapper fusion-flex-column-wrapper-legacy\"><div class=\"fusion-text fusion-text-5\"><h4 style=\"text-align: left;\" align=\"justify\">Kompetenzorientierung im Geschichtsunterricht<\/h4>\n<p style=\"text-align: left;\" align=\"justify\">Ein weiterer wichtiger Aspekt des Geschichtsunterrichts an unserer Realschulen ist die F\u00f6rderung von Kompetenzen. Die Sch\u00fclerinnen und Sch\u00fcler sollen nicht nur Faktenwissen erwerben, sondern auch ihre historischen Denk- und Arbeitsweisen weiterentwickeln. Dazu geh\u00f6rt beispielsweise die F\u00e4higkeit, historische Quellen zu analysieren, eigene Standpunkte zu entwickeln und diese argumentativ zu vertreten.<\/p>\n<\/div><div class=\"fusion-clearfix\"><\/div><\/div><\/div><div class=\"fusion-layout-column fusion_builder_column fusion-builder-column-6 fusion_builder_column_1_2 1_2 fusion-one-half fusion-column-last fusion-animated\" style=\"--awb-bg-blend:overlay;--awb-bg-size:cover;width:50%;width:calc(50% - ( ( 7% ) * 0.5 ) );\" data-animationType=\"fadeInLeft\" data-animationDuration=\"1.0\" data-animationOffset=\"top-into-view\"><div class=\"fusion-column-wrapper fusion-flex-column-wrapper-legacy\"><div class=\"fusion-text fusion-text-6\"><h4 style=\"text-align: left;\" align=\"justify\">Stundentafel<\/h4>\n<p style=\"text-align: left;\" align=\"justify\">An der Kardinal-von-Galen Realschule wird das Fach Geschichte in verschiedenen Jahrg\u00e4ngen unterrichtet:<\/p>\n<p style=\"text-align: left;\" align=\"justify\">Jahrgang 6: zweist\u00fcndig<\/p>\n<p style=\"text-align: left;\" align=\"justify\">Jahrgang 8: zweist\u00fcndig<\/p>\n<p style=\"text-align: left;\" align=\"justify\">Jahrgang 9: einst\u00fcndig<\/p>\n<p style=\"text-align: left;\" align=\"justify\">Jahrgang 10: zweist\u00fcndig<\/p>\n<\/div><div class=\"fusion-clearfix\"><\/div><\/div><\/div><\/div><\/div><div class=\"fusion-fullwidth fullwidth-box fusion-builder-row-3 nonhundred-percent-fullwidth non-hundred-percent-height-scrolling\" style=\"--awb-border-radius-top-left:0px;--awb-border-radius-top-right:0px;--awb-border-radius-bottom-right:0px;--awb-border-radius-bottom-left:0px;--awb-flex-wrap:wrap;\" ><div class=\"fusion-builder-row fusion-row\"><div class=\"fusion-layout-column fusion_builder_column fusion-builder-column-7 fusion_builder_column_1_1 1_1 fusion-one-full fusion-column-first fusion-column-last\" style=\"--awb-bg-blend:overlay;--awb-bg-size:cover;\"><div class=\"fusion-column-wrapper fusion-flex-column-wrapper-legacy\"><div class=\"fusion-sep-clear\"><\/div><div class=\"fusion-separator fusion-full-width-sep\" style=\"margin-left: auto;margin-right: auto;margin-top:30px;margin-bottom:30px;width:100%;\"><div class=\"fusion-separator-border sep-single sep-solid\" style=\"--awb-height:20px;--awb-amount:20px;--awb-sep-color:#f4a100;border-color:#f4a100;border-top-width:1px;\"><\/div><\/div><div class=\"fusion-sep-clear\"><\/div><div class=\"fusion-clearfix\"><\/div><\/div><\/div><div class=\"fusion-layout-column fusion_builder_column fusion-builder-column-8 fusion_builder_column_3_5 3_5 fusion-three-fifth fusion-column-first fusion-animated\" style=\"--awb-bg-blend:overlay;--awb-bg-size:cover;width:60%;width:calc(60% - ( ( 4% + 4% ) * 0.6 ) );margin-right: 4%;\" data-animationType=\"fadeInLeft\" data-animationDuration=\"1.0\" data-animationOffset=\"top-into-view\"><div class=\"fusion-column-wrapper fusion-flex-column-wrapper-legacy\"><div class=\"fusion-text fusion-text-7\"><h4>Ihre Ansprechpartnerin<\/h4>\n<\/div><div class=\"fusion-text fusion-text-8\" style=\"--awb-margin-top:0px;\"><h6 class=\"card-title\">Barbara Gruszka<br \/><a href=\"mailto:lea.pieper@kvgschulen.de\">barbara.gruszka(at)kvgschulen.de<\/a><\/h6>\n<\/div><div class=\"fusion-clearfix\"><\/div><\/div><\/div><div class=\"fusion-layout-column fusion_builder_column fusion-builder-column-9 fusion_builder_column_1_5 1_5 fusion-one-fifth fusion-animated\" style=\"--awb-bg-blend:overlay;--awb-bg-size:cover;width:20%;width:calc(20% - ( ( 4% + 4% ) * 0.2 ) );margin-right: 4%;\" data-animationType=\"fadeInRight\" data-animationDuration=\"1.0\" data-animationOffset=\"top-into-view\"><div class=\"fusion-column-wrapper fusion-flex-column-wrapper-legacy\"><div class=\"fusion-clearfix\"><\/div><\/div><\/div><div class=\"fusion-layout-column fusion_builder_column fusion-builder-column-10 fusion_builder_column_1_5 1_5 fusion-one-fifth fusion-column-last fusion-animated\" style=\"--awb-bg-blend:overlay;--awb-bg-size:cover;width:20%;width:calc(20% - ( ( 4% + 4% ) * 0.2 ) );\" data-animationType=\"fadeInRight\" data-animationDuration=\"1.0\" data-animationOffset=\"top-into-view\"><div class=\"fusion-column-wrapper fusion-flex-column-wrapper-legacy\"><div class=\"fusion-clearfix\"><\/div><\/div><\/div><\/div><\/div><\/p>\n","protected":false},"excerpt":{"rendered":"","protected":false},"author":1,"featured_media":0,"parent":697,"menu_order":16,"comment_status":"closed","ping_status":"closed","template":"100-width.php","meta":{"footnotes":""},"class_list":["post-2468","page","type-page","status-publish","hentry"],"_links":{"self":[{"href":"https:\/\/kvg-mettingen.de\/realschule\/wp-json\/wp\/v2\/pages\/2468","targetHints":{"allow":["GET"]}}],"collection":[{"href":"https:\/\/kvg-mettingen.de\/realschule\/wp-json\/wp\/v2\/pages"}],"about":[{"href":"https:\/\/kvg-mettingen.de\/realschule\/wp-json\/wp\/v2\/types\/page"}],"author":[{"embeddable":true,"href":"https:\/\/kvg-mettingen.de\/realschule\/wp-json\/wp\/v2\/users\/1"}],"replies":[{"embeddable":true,"href":"https:\/\/kvg-mettingen.de\/realschule\/wp-json\/wp\/v2\/comments?post=2468"}],"version-history":[{"count":6,"href":"https:\/\/kvg-mettingen.de\/realschule\/wp-json\/wp\/v2\/pages\/2468\/revisions"}],"predecessor-version":[{"id":2785,"href":"https:\/\/kvg-mettingen.de\/realschule\/wp-json\/wp\/v2\/pages\/2468\/revisions\/2785"}],"up":[{"embeddable":true,"href":"https:\/\/kvg-mettingen.de\/realschule\/wp-json\/wp\/v2\/pages\/697"}],"wp:attachment":[{"href":"https:\/\/kvg-mettingen.de\/realschule\/wp-json\/wp\/v2\/media?parent=2468"}],"curies":[{"name":"wp","href":"https:\/\/api.w.org\/{rel}","templated":true}]}}