{"id":711,"date":"2019-06-21T16:29:12","date_gmt":"2019-06-21T14:29:12","guid":{"rendered":"http:\/\/kvg.kvg-mettingen.de\/main\/realschule\/?page_id=711"},"modified":"2020-01-28T16:48:01","modified_gmt":"2020-01-28T15:48:01","slug":"fahrtenprogramm","status":"publish","type":"page","link":"https:\/\/kvg-mettingen.de\/realschule\/schulleben\/fahrtenprogramm\/","title":{"rendered":"Fahrtenprogramm"},"content":{"rendered":"<p><div class=\"fusion-fullwidth fullwidth-box fusion-builder-row-1 fusion-parallax-fixed nonhundred-percent-fullwidth non-hundred-percent-height-scrolling\" style=\"--awb-border-radius-top-left:0px;--awb-border-radius-top-right:0px;--awb-border-radius-bottom-right:0px;--awb-border-radius-bottom-left:0px;--awb-background-image:url(&quot;https:\/\/kvg-mettingen.de\/kvg\/main\/gymnasium\/wp-content\/uploads\/sites\/2\/2019\/12\/Image_3_web_kuerzer.jpg&quot;);--awb-background-size:cover;--awb-flex-wrap:wrap;background-attachment:fixed;\" ><div class=\"fusion-builder-row fusion-row\"><div class=\"fusion-layout-column fusion_builder_column fusion-builder-column-0 fusion_builder_column_1_1 1_1 fusion-one-full fusion-column-first fusion-column-last\" style=\"--awb-bg-size:cover;\"><div class=\"fusion-column-wrapper fusion-flex-column-wrapper-legacy\"><div class=\"fusion-sep-clear\"><\/div><div class=\"fusion-separator fusion-full-width-sep\" style=\"margin-left: auto;margin-right: auto;margin-top:150px;margin-bottom:150px;width:100%;\"><\/div><div class=\"fusion-sep-clear\"><\/div><div class=\"fusion-clearfix\"><\/div><\/div><\/div><\/div><\/div><div class=\"fusion-fullwidth fullwidth-box fusion-builder-row-2 nonhundred-percent-fullwidth non-hundred-percent-height-scrolling\" style=\"--awb-border-radius-top-left:0px;--awb-border-radius-top-right:0px;--awb-border-radius-bottom-right:0px;--awb-border-radius-bottom-left:0px;--awb-flex-wrap:wrap;\" ><div class=\"fusion-builder-row fusion-row\"><div class=\"fusion-layout-column fusion_builder_column fusion-builder-column-1 fusion_builder_column_1_1 1_1 fusion-one-full fusion-column-first fusion-column-last fusion-animated\" style=\"--awb-bg-size:cover;--awb-margin-top:70px;\" data-animationType=\"fadeInLeft\" data-animationDuration=\"1.0\" data-animationOffset=\"top-into-view\"><div class=\"fusion-column-wrapper fusion-flex-column-wrapper-legacy\"><div class=\"fusion-text fusion-text-1\"><h1>Fahrtenprogramm \/ Klassenfahrten<\/h1>\n<\/div><div class=\"fusion-text fusion-text-2\"><h4 class=\"text-muted\">Gemeinsam L\u00f6sungen finden<\/h4>\n<\/div><div class=\"fusion-clearfix\"><\/div><\/div><\/div><div class=\"fusion-layout-column fusion_builder_column fusion-builder-column-2 fusion_builder_column_1_2 1_2 fusion-one-half fusion-column-first fusion-animated\" style=\"--awb-bg-size:cover;width:50%;width:calc(50% - ( ( 7% ) * 0.5 ) );margin-right: 7%;\" data-animationType=\"fadeInLeft\" data-animationDuration=\"1.0\" data-animationOffset=\"top-into-view\"><div class=\"fusion-column-wrapper fusion-flex-column-wrapper-legacy\"><div class=\"fusion-text fusion-text-3\"><p>Am Anfang und gegen Ende der Realschulzeit werden Klassenfahrten veranstaltet. Sie dienen der Findung und Festigung der Klassengemeinschaft. Durch interessante Ziele und Programme mit gemeinsamen Aktivit\u00e4ten, ggf. auch durch die \u00dcbernahme kleinerer Verantwortlichkeiten sollen das Gemeinschaftsgef\u00fchl und die soziale Verantwortung in der Gruppe gef\u00f6rdert und das Selbstvertrauen gest\u00e4rkt werden und nat\u00fcrlich auch der Spa\u00df nicht zu kurz kommen. Die gemeinsamen Erlebnisse sind oft noch viele Jahre in guter Erinnerung. Die Ziele und Programme werden von den verantwortlichen Lehrerinnen und Lehrern mit Sch\u00fclerinnen und Sch\u00fclern sowie Eltern abgesprochen.<\/p>\n<\/div><div class=\"fusion-clearfix\"><\/div><\/div><\/div><div class=\"fusion-layout-column fusion_builder_column fusion-builder-column-3 fusion_builder_column_1_2 1_2 fusion-one-half fusion-column-last fusion-animated\" style=\"--awb-bg-size:cover;width:50%;width:calc(50% - ( ( 7% ) * 0.5 ) );\" data-animationType=\"fadeInRight\" data-animationDuration=\"1.0\" data-animationOffset=\"top-into-view\"><div class=\"fusion-column-wrapper fusion-flex-column-wrapper-legacy\"><div class=\"fusion-text fusion-text-4\"><h5><strong>Klasse 5\/6:<\/strong>\u00a0f\u00fcnft\u00e4gige Fahrt, z.B. auf eine Nordseeinsel wie Wangerooge, Norderney und Ameland, aber auch andere Ziele werden angesteuert.<\/h5>\n<h5><strong>Klasse 10:<\/strong>\u00a0etwa einw\u00f6chige Studienfahrt, z.B. Skifreizeit, Surfcamp an der Ostsee, Auslandsaufenthalt in England, Gardasee\/Italien etc.<\/h5>\n<\/div><div class=\"fusion-clearfix\"><\/div><\/div><\/div><\/div><\/div><div class=\"fusion-fullwidth fullwidth-box fusion-builder-row-3 nonhundred-percent-fullwidth non-hundred-percent-height-scrolling\" style=\"--awb-border-radius-top-left:0px;--awb-border-radius-top-right:0px;--awb-border-radius-bottom-right:0px;--awb-border-radius-bottom-left:0px;--awb-padding-top:60px;--awb-padding-bottom:60px;--awb-margin-top:60px;--awb-margin-bottom:60px;--awb-background-color:rgba(244,161,0,0.1);--awb-flex-wrap:wrap;\" ><div class=\"fusion-builder-row fusion-row\"><div class=\"fusion-layout-column fusion_builder_column fusion-builder-column-4 fusion_builder_column_1_1 1_1 fusion-one-full fusion-column-first fusion-column-last fusion-animated\" style=\"--awb-bg-size:cover;\" data-animationType=\"fadeInLeft\" data-animationDuration=\"1.0\" data-animationOffset=\"top-into-view\"><div class=\"fusion-column-wrapper fusion-flex-column-wrapper-legacy\"><div class=\"fusion-text fusion-text-5\"><h4>Sch\u00fcleraustausch<\/h4>\n<\/div><div class=\"fusion-clearfix\"><\/div><\/div><\/div><div class=\"fusion-layout-column fusion_builder_column fusion-builder-column-5 fusion_builder_column_1_2 1_2 fusion-one-half fusion-column-first fusion-animated\" style=\"--awb-bg-size:cover;width:50%;width:calc(50% - ( ( 7% ) * 0.5 ) );margin-right: 7%;\" data-animationType=\"fadeInLeft\" data-animationDuration=\"1.0\" data-animationOffset=\"top-into-view\"><div class=\"fusion-column-wrapper fusion-flex-column-wrapper-legacy\"><div class=\"fusion-text fusion-text-6\"><p>Ein Sch\u00fcleraustausch ist eine wichtige Erfahrung zur Entwicklung von interkultureller Handlungsf\u00e4higkeit und bietet die M\u00f6glichkeit, freundschaftliche Beziehungen zu kn\u00fcpfen und Einblicke in das Leben des Partnerlandes zu bekommen. Dies f\u00fchrt zudem zu einer Vertiefung des gegenseitigen Verst\u00e4ndnisses. Dar\u00fcber hinaus gibt ein Sch\u00fcleraustausch dem Fremdsprachenunterricht wertvolle Impulse, insbesondere im Hinblick auf die Sprachbeherrschung und den Erwerb landeskundlicher Kenntnisse. Die Sch\u00fclerinnen und Sch\u00fcler lernen das Leben in der Familie und in der Schule des Gastlandes kennen und erweitern ihre Sprachkenntnisse durch die Notwendigkeit, sich mit der Gastfamilie weitgehend in der Landessprache zu verst\u00e4ndigen. Dies f\u00fchrt zu einer steigenden Motivation beim Erlernen der Fremdsprache, was auch deutlich im Unterricht nach der Austauschfahrt zu sp\u00fcren ist. Die Kardinal-von-Galen-Realschule und das Kardinal-von-Galen-Gymnasium f\u00fchren seit vielen Jahren einen Sch\u00fcleraustausch f\u00fcr Sch\u00fclerinnen und Sch\u00fcler der Jahrgangsstufen 7 und 8 mit der franz\u00f6sischen Partnerschule St. Louis \/ St. Cl\u00e9ment in Viry-Ch\u00e2tillon durch, das in der unmittelbaren Umgebung von Paris liegt.<\/p>\n<\/div><div class=\"fusion-clearfix\"><\/div><\/div><\/div><div class=\"fusion-layout-column fusion_builder_column fusion-builder-column-6 fusion_builder_column_1_2 1_2 fusion-one-half fusion-column-last fusion-animated\" style=\"--awb-bg-size:cover;width:50%;width:calc(50% - ( ( 7% ) * 0.5 ) );\" data-animationType=\"fadeInRight\" data-animationDuration=\"1.0\" data-animationOffset=\"top-into-view\"><div class=\"fusion-column-wrapper fusion-flex-column-wrapper-legacy\"><div class=\"fusion-text fusion-text-7\"><p>Die Aufnahme einer franz\u00f6sischen Gastsch\u00fclerin bzw. eines franz\u00f6sischen Gastsch\u00fclers ist die Voraussetzung f\u00fcr die Teilnahme an diesem Austausch. W\u00e4hrend der Woche in Frankreich sind die Sch\u00fclerinnen und Sch\u00fcler in franz\u00f6sischen Gastfamilien untergebracht. Hier werden sie die franz\u00f6sische Lebensweise kennenlernen. Sie haben die Gelegenheit, am Unterricht in der franz\u00f6sischen Schule teilzunehmen. An mehreren Tagen wird die M\u00f6glichkeit genutzt, Paris und seine zahlreichen Sehensw\u00fcrdigkeiten zu erkunden. Neben der Chance, die Hauptstadt Frankreichs kennenzulernen, bietet der Sch\u00fcleraustausch den Sch\u00fclerinnen und Sch\u00fclern die einzigartige Gelegenheit, die eigenen Franz\u00f6sischkenntnisse in der Praxis zu erproben und zu erweitern. Nirgendwo lernt man eine Fremdsprache besser als im jeweiligen Land selbst.<\/p>\n<\/div><div class=\"fusion-clearfix\"><\/div><\/div><\/div><\/div><\/div><div class=\"fusion-fullwidth fullwidth-box fusion-builder-row-4 nonhundred-percent-fullwidth non-hundred-percent-height-scrolling\" style=\"--awb-border-radius-top-left:0px;--awb-border-radius-top-right:0px;--awb-border-radius-bottom-right:0px;--awb-border-radius-bottom-left:0px;--awb-flex-wrap:wrap;\" ><div class=\"fusion-builder-row fusion-row\"><div class=\"fusion-layout-column fusion_builder_column fusion-builder-column-7 fusion_builder_column_1_1 1_1 fusion-one-full fusion-column-first fusion-column-last fusion-animated\" style=\"--awb-bg-size:cover;\" data-animationType=\"fadeInLeft\" data-animationDuration=\"1.0\" data-animationOffset=\"top-into-view\"><div class=\"fusion-column-wrapper fusion-flex-column-wrapper-legacy\"><div class=\"fusion-text fusion-text-8\"><h4>Auschwitzfahrt<\/h4>\n<\/div><div class=\"fusion-clearfix\"><\/div><\/div><\/div><div class=\"fusion-layout-column fusion_builder_column fusion-builder-column-8 fusion_builder_column_1_2 1_2 fusion-one-half fusion-column-first fusion-animated\" style=\"--awb-bg-size:cover;width:50%;width:calc(50% - ( ( 7% ) * 0.5 ) );margin-right: 7%;\" data-animationType=\"fadeInLeft\" data-animationDuration=\"1.0\" data-animationOffset=\"top-into-view\"><div class=\"fusion-column-wrapper fusion-flex-column-wrapper-legacy\"><div class=\"fusion-text fusion-text-9\"><p>\u201eWer die Vergangenheit nicht kennt, kann die Gegenwart nicht verstehen und die Zukunft nicht gestalten.\u201c (Helmut Kohl)<\/p>\n<p>Unter diesem Motto finden seit 2001 Studienfahrten f\u00fcr die Sch\u00fclerinnen und Sch\u00fcler der Klassen 10 nach Auschwitz statt.<\/p>\n<p>Mit der Fahrt verfolgen wir im Wesentlichen vier gro\u00dfe Ziele. Zun\u00e4chst geht es um den Erwerb von Sachinformation: Was ist unter Nazideutschland mit den Juden passiert? Dabei geht es um Begrifflichkeiten, Abl\u00e4ufe und Hintergrundinformationen.<\/p>\n<p>Das zweite Ziel unserer Fahrt ist nach dem theoretischen \u00dcberbau das Sammeln von Erfahrungen. Die Sch\u00fclerinnen und Sch\u00fcler sollen die Geschichte nicht nur kennen, sondern \u201eerfahren\u201c und sich ergreifen lassen. Die Dimension des Lagers und der Opfer wird sp\u00fcrbar und Informationen erscheinen in einem anderen Licht.<\/p>\n<\/div><div class=\"fusion-clearfix\"><\/div><\/div><\/div><div class=\"fusion-layout-column fusion_builder_column fusion-builder-column-9 fusion_builder_column_1_2 1_2 fusion-one-half fusion-column-last fusion-animated\" style=\"--awb-bg-size:cover;width:50%;width:calc(50% - ( ( 7% ) * 0.5 ) );\" data-animationType=\"fadeInRight\" data-animationDuration=\"1.0\" data-animationOffset=\"top-into-view\"><div class=\"fusion-column-wrapper fusion-flex-column-wrapper-legacy\"><div class=\"fusion-text fusion-text-10\"><p>Beim dritten Ziel gehen wir vom Gro\u00dfen zum Kleinen. Heute gehen wir davon aus, dass in Auschwitz ca. 1,1 Mio. Menschen ermordet wurden. Jeder Mensch war ein Individuum, dem Gott sein Leben geschenkt hat und das ihm auf grausame Weise genommen wurde. Uns ist es wichtig, zu zeigen, dass die Opfer Menschen mit einer Lebensgeschichte waren. Sie haben gelacht, geweint, gehofft und geliebt. Es geht um Empathie, um ein Mitf\u00fchlen mit den Opfern.<\/p>\n<p>Unser viertes Ziel ist das Lernen aus der Vergangenheit und damit die \u00dcbernahme von Verantwortung f\u00fcr die Zukunft. Wir tragen nicht die Verantwortung f\u00fcr das, was geschehen ist, sondern daf\u00fcr, dass so etwas nie wieder passiert. Mit dem Wissen, was gewesen ist, sollen Perspektiven aufgezeigt werden, die das weitere Handeln beeinflussen sollen.<\/p>\n<\/div><div class=\"fusion-clearfix\"><\/div><\/div><\/div><div class=\"fusion-layout-column fusion_builder_column fusion-builder-column-10 fusion_builder_column_1_1 1_1 fusion-one-full fusion-column-first fusion-column-last\" style=\"--awb-bg-size:cover;\"><div class=\"fusion-column-wrapper fusion-flex-column-wrapper-legacy\"><div class=\"fusion-sep-clear\"><\/div><div class=\"fusion-separator fusion-full-width-sep\" style=\"margin-left: auto;margin-right: auto;margin-top:40px;margin-bottom:40px;width:100%;\"><div class=\"fusion-separator-border sep-single sep-solid\" style=\"--awb-height:20px;--awb-amount:20px;--awb-sep-color:#f4a100;border-color:#f4a100;border-top-width:1px;\"><\/div><\/div><div class=\"fusion-sep-clear\"><\/div><div class=\"fusion-clearfix\"><\/div><\/div><\/div><div class=\"fusion-layout-column fusion_builder_column fusion-builder-column-11 fusion_builder_column_2_3 2_3 fusion-two-third fusion-column-first fusion-animated\" style=\"--awb-bg-size:cover;width:66.666666666667%;width:calc(66.666666666667% - ( ( 7% ) * 0.66666666666667 ) );margin-right: 7%;\" data-animationType=\"fadeInLeft\" data-animationDuration=\"1.0\" data-animationOffset=\"top-into-view\"><div class=\"fusion-column-wrapper fusion-flex-column-wrapper-legacy\"><div class=\"fusion-text fusion-text-11\"><p>Um diese Ziele zu erreichen, haben sich in den letzten Jahren zahlreiche Bausteine etabliert:<\/p>\n<\/div><ul style=\"--awb-size:18px;--awb-iconcolor:#f4a100;--awb-line-height:30.6px;--awb-icon-width:30.6px;--awb-icon-height:30.6px;--awb-icon-margin:12.6px;--awb-content-margin:43.2px;\" class=\"fusion-checklist fusion-checklist-1 fusion-checklist-default type-icons\"><li class=\"fusion-li-item\" style=\"\"><span class=\"icon-wrapper circle-no\"><i class=\"fusion-li-icon fa-angle-right fas\" aria-hidden=\"true\"><\/i><\/span><div class=\"fusion-li-item-content\">\n<p>Der Studientag zur Vorbereitung dient der inhaltlichen Vorbereitung der Fahrt.<\/p>\n<\/div><\/li><li class=\"fusion-li-item\" style=\"\"><span class=\"icon-wrapper circle-no\"><i class=\"fusion-li-icon fa-angle-right fas\" aria-hidden=\"true\"><\/i><\/span><div class=\"fusion-li-item-content\">\n<p>Beim Besuch der der Gedenkst\u00e4tte \u201eVilla ten Hompel\u201c mit verschiedenen Workshops und den \u201eTischgespr\u00e4chen\u201c wird Geschichte lebendig, denn die Sch\u00fclerinnen und Sch\u00fcler erleben einerseits einen Schauspieler, der als Adolf Hitler auftritt, andererseits werden sie mit Schicksalen aus M\u00fcnster konfrontiert.<\/p>\n<\/div><\/li><li class=\"fusion-li-item\" style=\"\"><span class=\"icon-wrapper circle-no\"><i class=\"fusion-li-icon fa-angle-right fas\" aria-hidden=\"true\"><\/i><\/span><div class=\"fusion-li-item-content\">\n<p>Wir freuen uns, dass wir in den letzten Jahren die Zeitzeugin Erna de Vries, die das Lager Auschwitz \u00fcberlebt hat, in unserer Schule begr\u00fc\u00dfen durften. Frau de Vries ist mit ihrer Mutter nach Auschwitz gekommen und war im Todesblock. In ihrem Vortrag schildert sie ihre Erlebnisse sehr eindringlich. Immer wieder l\u00e4sst sie einflie\u00dfen, dass es Menschen gab, die ihr mit kleinen Gesten geholfen haben. Diese kleinen Gesten lie\u00dfen sie nie die Hoffnung verlieren und gaben ihr die Kraft zu \u00fcberleben.<\/p>\n<\/div><\/li><li class=\"fusion-li-item\" style=\"\"><span class=\"icon-wrapper circle-no\"><i class=\"fusion-li-icon fa-angle-right fas\" aria-hidden=\"true\"><\/i><\/span><div class=\"fusion-li-item-content\">\n<p>Fahrt nach Osnabr\u00fcck: Orte der Erinnerung (Villa Schlikker, Mahnmal \u201eAlte Synagoge\u201c; Gestapokeller; Stolpersteine). Osnabr\u00fcck ist f\u00fcr viele der Ort, den sie vom Einkaufen o.\u00c4. kennen. Nun sollen sie ihn aus einem anderen Blickwinkel sehen. Auch aus Osnabr\u00fcck wurden Menschen deportiert, zuerst nach Riga und dann nach Auschwitz.<\/p>\n<\/div><\/li><\/ul><div class=\"fusion-clearfix\"><\/div><\/div><\/div><div class=\"fusion-layout-column fusion_builder_column fusion-builder-column-12 fusion_builder_column_1_3 1_3 fusion-one-third fusion-column-last fusion-animated\" style=\"--awb-bg-size:cover;width:33.333333333333%;width:calc(33.333333333333% - ( ( 7% ) * 0.33333333333333 ) );\" data-animationType=\"fadeInRight\" data-animationDuration=\"1.0\" data-animationOffset=\"top-into-view\"><div class=\"fusion-column-wrapper fusion-flex-column-wrapper-legacy\"><div class=\"fusion-text fusion-text-12\"><p>Die j\u00e4hrliche Studienfahrt enth\u00e4lt folgende Programmpunkte:<\/p>\n<\/div><ul style=\"--awb-size:18px;--awb-iconcolor:#f4a100;--awb-line-height:30.6px;--awb-icon-width:30.6px;--awb-icon-height:30.6px;--awb-icon-margin:12.6px;--awb-content-margin:43.2px;\" class=\"fusion-checklist fusion-checklist-2 fusion-checklist-default type-icons\"><li class=\"fusion-li-item\" style=\"\"><span class=\"icon-wrapper circle-no\"><i class=\"fusion-li-icon fa-angle-right fas\" aria-hidden=\"true\"><\/i><\/span><div class=\"fusion-li-item-content\">\n<p>Fahrt nach Dresden mit Besichtigung der Frauenkirche als Symbol der Verst\u00e4ndigung und Vers\u00f6hnung<\/p>\n<\/div><\/li><li class=\"fusion-li-item\" style=\"\"><span class=\"icon-wrapper circle-no\"><i class=\"fusion-li-icon fa-angle-right fas\" aria-hidden=\"true\"><\/i><\/span><div class=\"fusion-li-item-content\">\n<p>F\u00fchrung durch das Stammlager Auschwitz<\/p>\n<\/div><\/li><li class=\"fusion-li-item\" style=\"\"><span class=\"icon-wrapper circle-no\"><i class=\"fusion-li-icon fa-angle-right fas\" aria-hidden=\"true\"><\/i><\/span><div class=\"fusion-li-item-content\">\n<p>Besuch der ehemaligen Fabrik von Oskar Schindler<\/p>\n<\/div><\/li><li class=\"fusion-li-item\" style=\"\"><span class=\"icon-wrapper circle-no\"><i class=\"fusion-li-icon fa-angle-right fas\" aria-hidden=\"true\"><\/i><\/span><div class=\"fusion-li-item-content\">\n<p>F\u00fchrung durch das j\u00fcdische Viertel<\/p>\n<\/div><\/li><li class=\"fusion-li-item\" style=\"\"><span class=\"icon-wrapper circle-no\"><i class=\"fusion-li-icon fa-angle-right fas\" aria-hidden=\"true\"><\/i><\/span><div class=\"fusion-li-item-content\">\n<p>F\u00fchrung durch das Lager Auschwitz-Birkenau<\/p>\n<\/div><\/li><\/ul><div class=\"fusion-clearfix\"><\/div><\/div><\/div><\/div><\/div><div class=\"fusion-fullwidth fullwidth-box fusion-builder-row-5 nonhundred-percent-fullwidth non-hundred-percent-height-scrolling\" style=\"--awb-border-radius-top-left:0px;--awb-border-radius-top-right:0px;--awb-border-radius-bottom-right:0px;--awb-border-radius-bottom-left:0px;--awb-padding-top:60px;--awb-padding-bottom:60px;--awb-margin-top:60px;--awb-margin-bottom:0px;--awb-background-color:rgba(244,161,0,0.1);--awb-flex-wrap:wrap;\" ><div class=\"fusion-builder-row fusion-row\"><div class=\"fusion-layout-column fusion_builder_column fusion-builder-column-13 fusion_builder_column_1_1 1_1 fusion-one-full fusion-column-first fusion-column-last fusion-animated\" style=\"--awb-bg-size:cover;\" data-animationType=\"fadeInLeft\" data-animationDuration=\"1.0\" data-animationOffset=\"top-into-view\"><div class=\"fusion-column-wrapper fusion-flex-column-wrapper-legacy\"><div class=\"fusion-text fusion-text-13\"><h4>Berlinfahrt des SoWi-Kurses der Jahrgangsstufe 9<\/h4>\n<\/div><div class=\"fusion-text fusion-text-14\"><h5>Die Sch\u00fclerinnen und Sch\u00fcler des SoWi-Kurses der Jahrgangsstufe 9 unternehmen im 2. Halbjahr eine mehrt\u00e4gige Kursfahrt nach Berlin, die fest in das Fahrtenprogramm der Schule aufgenommen ist.<\/h5>\n<\/div><div class=\"fusion-clearfix\"><\/div><\/div><\/div><div class=\"fusion-layout-column fusion_builder_column fusion-builder-column-14 fusion_builder_column_1_2 1_2 fusion-one-half fusion-column-first fusion-animated\" style=\"--awb-bg-size:cover;--awb-margin-bottom:0px;width:50%;width:calc(50% - ( ( 7% ) * 0.5 ) );margin-right: 7%;\" data-animationType=\"fadeInLeft\" data-animationDuration=\"1.0\" data-animationOffset=\"top-into-view\"><div class=\"fusion-column-wrapper fusion-flex-column-wrapper-legacy\"><div class=\"fusion-text fusion-text-15\"><p>Die Berlinfahrt tr\u00e4gt f\u00fcr die Sch\u00fclerinnen und Sch\u00fcler aus dem Schwerpunktfach Sozialwissenschaft unter anderem dazu bei, dass das zentrale Thema \u201eDemokratie\u201c, das zuvor intensiv im Unterricht behandelt wurde, in Form von praktischen Erkundungen und Besuchen einen realen Bezug bekommt. Es besteht oftmals die Gelegenheit auf der Besuchertrib\u00fcne des Deutschen Bundestages an einer Plenardebatte teilzunehmen und viele bekannte Politiker zu erleben. Ebenso ist es m\u00f6glich, nach Einladung einer Abgeordneten oder eines Abgeordneten aus dem heimischen Wahlkreis, diese konkret nach ihrer T\u00e4tigkeit in Berlin zu befragen bzw. auch nach Mettingen in die Schule einzuladen. Damit die Fahrt finanziell in einem erschwinglichen Rahmen bleibt, besteht die M\u00f6glichkeit Zusch\u00fcsse &#8211; sofern diese noch nicht aufgebraucht sind &#8211; z.B. aus dem Budget eines Abgeordneten, \u00fcber den Bundesrat etc. zu erlangen.<\/p>\n<\/div><div class=\"fusion-clearfix\"><\/div><\/div><\/div><div class=\"fusion-layout-column fusion_builder_column fusion-builder-column-15 fusion_builder_column_1_2 1_2 fusion-one-half fusion-column-last fusion-animated\" style=\"--awb-bg-size:cover;--awb-margin-bottom:0px;width:50%;width:calc(50% - ( ( 7% ) * 0.5 ) );\" data-animationType=\"fadeInRight\" data-animationDuration=\"1.0\" data-animationOffset=\"top-into-view\"><div class=\"fusion-column-wrapper fusion-flex-column-wrapper-legacy\"><div class=\"fusion-text fusion-text-16\"><p>Aus dem gro\u00dfen geschichtlichen, politischen und kulturellen Angebot der Stadt werden f\u00fcr die Sch\u00fclerinnen und Sch\u00fcler interessante Angebote ausgew\u00e4hlt, wie z.B. die Gedenkst\u00e4tte Berliner Mauer an der Bernauer Stra\u00dfe, das Holocaust Mahnmal, die Gedenkst\u00e4tte Hohensch\u00f6nhausen, das Deutsche Historische Museum, die Hackeschen H\u00f6fe, das Brandenburger Tor etc. Die Sch\u00fclerinnen und Sch\u00fcler lernen so viele markante Orte kennen, die sichtbare Spuren der Vergangenheit aufweisen. Auf diese Weise rundet die Berlin-Fahrt viele unterrichtliche Themen auf anschauliche und praktische Weise ab und st\u00e4rkt ebenfalls die Kursgemeinschaft.<\/p>\n<\/div><div class=\"fusion-clearfix\"><\/div><\/div><\/div><\/div><\/div><\/p>\n","protected":false},"excerpt":{"rendered":"","protected":false},"author":1,"featured_media":0,"parent":679,"menu_order":5,"comment_status":"closed","ping_status":"closed","template":"100-width.php","meta":{"footnotes":""},"class_list":["post-711","page","type-page","status-publish","hentry"],"_links":{"self":[{"href":"https:\/\/kvg-mettingen.de\/realschule\/wp-json\/wp\/v2\/pages\/711","targetHints":{"allow":["GET"]}}],"collection":[{"href":"https:\/\/kvg-mettingen.de\/realschule\/wp-json\/wp\/v2\/pages"}],"about":[{"href":"https:\/\/kvg-mettingen.de\/realschule\/wp-json\/wp\/v2\/types\/page"}],"author":[{"embeddable":true,"href":"https:\/\/kvg-mettingen.de\/realschule\/wp-json\/wp\/v2\/users\/1"}],"replies":[{"embeddable":true,"href":"https:\/\/kvg-mettingen.de\/realschule\/wp-json\/wp\/v2\/comments?post=711"}],"version-history":[{"count":11,"href":"https:\/\/kvg-mettingen.de\/realschule\/wp-json\/wp\/v2\/pages\/711\/revisions"}],"predecessor-version":[{"id":1207,"href":"https:\/\/kvg-mettingen.de\/realschule\/wp-json\/wp\/v2\/pages\/711\/revisions\/1207"}],"up":[{"embeddable":true,"href":"https:\/\/kvg-mettingen.de\/realschule\/wp-json\/wp\/v2\/pages\/679"}],"wp:attachment":[{"href":"https:\/\/kvg-mettingen.de\/realschule\/wp-json\/wp\/v2\/media?parent=711"}],"curies":[{"name":"wp","href":"https:\/\/api.w.org\/{rel}","templated":true}]}}